{"id":392,"date":"2023-08-17T13:44:16","date_gmt":"2023-08-17T17:44:16","guid":{"rendered":"https:\/\/detroitcristor.wpengine.com\/vida-estudiantil\/"},"modified":"2025-07-29T16:13:05","modified_gmt":"2025-07-29T20:13:05","slug":"vida-estudiantil","status":"publish","type":"page","link":"https:\/\/detroitcristorey.org\/es\/vida-estudiantil\/","title":{"rendered":"Vida estudiantil"},"content":{"rendered":"<p><div class=\"fusion-fullwidth fullwidth-box fusion-builder-row-1 fusion-flex-container has-pattern-background has-mask-background fusion-parallax-none hundred-percent-fullwidth non-hundred-percent-height-scrolling\" style=\"--awb-background-position-medium:center center;--awb-background-position-small:center center;--awb-background-blend-mode:overlay;--awb-border-radius-top-left:0px;--awb-border-radius-top-right:0px;--awb-border-radius-bottom-right:0px;--awb-border-radius-bottom-left:0px;--awb-padding-top:0px;--awb-padding-bottom:0px;--awb-padding-top-medium:0px;--awb-padding-top-small:0px;--awb-margin-bottom:0px;--awb-background-color:rgba(13,13,13,0.25);--awb-background-image:url(&quot;https:\/\/detroitcristorey.org\/wp-content\/uploads\/2024\/09\/breakfast-with-purpose-background.png&quot;);--awb-background-size:cover;--awb-flex-wrap:wrap;\" ><div class=\"fusion-builder-row fusion-row fusion-flex-align-items-flex-start fusion-flex-content-wrap\" style=\"width:104% !important;max-width:104% !important;margin-left: calc(-4% \/ 2 );margin-right: calc(-4% \/ 2 );\"><div class=\"fusion-layout-column fusion_builder_column fusion-builder-column-0 fusion_builder_column_1_1 1_1 fusion-flex-column\" style=\"--awb-padding-top:70px;--awb-bg-size:cover;--awb-width-large:100%;--awb-margin-top-large:0px;--awb-spacing-right-large:1.92%;--awb-margin-bottom-large:0px;--awb-spacing-left-large:1.92%;--awb-width-medium:100%;--awb-order-medium:0;--awb-spacing-right-medium:1.92%;--awb-spacing-left-medium:1.92%;--awb-width-small:100%;--awb-order-small:0;--awb-spacing-right-small:1.92%;--awb-spacing-left-small:1.92%;\" data-scroll-devices=\"small-visibility,medium-visibility,large-visibility\"><div class=\"fusion-column-wrapper fusion-column-has-shadow fusion-flex-justify-content-flex-start fusion-content-layout-column\"><div class=\"fusion-title title fusion-title-1 fusion-sep-none fusion-title-center fusion-title-text fusion-title-size-one\" style=\"--awb-text-color:var(--awb-color1);--awb-margin-top:5px;--awb-margin-bottom:60px;--awb-margin-top-small:10px;--awb-margin-right-small:0px;--awb-margin-bottom-small:60px;--awb-margin-left-small:0px;--awb-margin-bottom-medium:60px;\"><h1 class=\"fusion-title-heading title-heading-center\" style=\"margin:0;\">Vida estudiantil<\/h1><\/div><div class=\"fusion-section-separator section-separator big-half-circle fusion-section-separator-1\" style=\"--awb-spacer-height:110px;--awb-svg-margin-left:1.92%;--awb-svg-margin-right:1.92%;--awb-svg-margin-left-medium:1.92%;--awb-svg-margin-right-medium:1.92%;--awb-svg-margin-left-small:1.92%;--awb-svg-margin-right-small:1.92%;--awb-divider-height:110px;--awb-spacer-padding-top:inherit;--awb-divider-height-medium:80px;--awb-spacer-height-medium:80px;--awb-divider-height-small:50px;--awb-spacer-height-small:50px;--awb-sep-padding:0;--awb-svg-padding:0;--awb-margin-top:0px;--awb-margin-bottom:0px;\"><div class=\"fusion-section-separator-svg\"><svg class=\"fusion-big-half-circle-candy\" xmlns=\"http:\/\/www.w3.org\/2000\/svg\" version=\"1.1\" width=\"100%\" height=\"100\" viewBox=\"0 0 100 100\" preserveAspectRatio=\"none\" fill=\"rgba(255,255,255,1)\"><path d=\"M0 100 C40 0 60 0 100 100 Z\"><\/path><\/svg><\/div><div class=\"fusion-section-separator-spacer\"><div class=\"fusion-section-separator-spacer-height\"><\/div><\/div><\/div><\/div><\/div><\/div><\/div><div class=\"fusion-fullwidth fullwidth-box fusion-builder-row-2 fusion-flex-container has-pattern-background has-mask-background nonhundred-percent-fullwidth non-hundred-percent-height-scrolling\" style=\"--awb-border-radius-top-left:0px;--awb-border-radius-top-right:0px;--awb-border-radius-bottom-right:0px;--awb-border-radius-bottom-left:0px;--awb-padding-top:0px;--awb-padding-right:100px;--awb-padding-bottom:50px;--awb-padding-left:100px;--awb-margin-top:0px;--awb-flex-wrap:wrap;\" ><div class=\"fusion-builder-row fusion-row fusion-flex-align-items-flex-start fusion-flex-content-wrap\" style=\"max-width:1248px;margin-left: calc(-4% \/ 2 );margin-right: calc(-4% \/ 2 );\"><div class=\"fusion-layout-column fusion_builder_column fusion-builder-column-1 fusion_builder_column_1_1 1_1 fusion-flex-column\" style=\"--awb-bg-size:cover;--awb-width-large:100%;--awb-margin-top-large:0px;--awb-spacing-right-large:1.92%;--awb-margin-bottom-large:20px;--awb-spacing-left-large:1.92%;--awb-width-medium:100%;--awb-order-medium:0;--awb-spacing-right-medium:1.92%;--awb-spacing-left-medium:1.92%;--awb-width-small:100%;--awb-order-small:0;--awb-margin-top-small:10px;--awb-spacing-right-small:1.92%;--awb-spacing-left-small:1.92%;\" data-scroll-devices=\"small-visibility,medium-visibility,large-visibility\"><div class=\"fusion-column-wrapper fusion-column-has-shadow fusion-flex-justify-content-flex-start fusion-content-layout-column\"><div class=\"fusion-title title fusion-title-2 fusion-sep-none fusion-title-center fusion-title-text fusion-title-size-two\" style=\"--awb-margin-top-small:10px;--awb-margin-right-small:0px;--awb-margin-bottom-small:10px;--awb-margin-left-small:0px;\"><h2 class=\"fusion-title-heading title-heading-center\" style=\"margin:0;\">Enriquecimiento de los estudiantes<\/h2><\/div><\/div><\/div><div class=\"fusion-layout-column fusion_builder_column fusion-builder-column-2 fusion_builder_column_1_2 1_2 fusion-flex-column\" style=\"--awb-bg-size:cover;--awb-width-large:50%;--awb-margin-top-large:0px;--awb-spacing-right-large:9.6%;--awb-margin-bottom-large:20px;--awb-spacing-left-large:3.84%;--awb-width-medium:50%;--awb-order-medium:0;--awb-spacing-right-medium:9.6%;--awb-spacing-left-medium:3.84%;--awb-width-small:100%;--awb-order-small:0;--awb-spacing-right-small:1.92%;--awb-spacing-left-small:1.92%;\"><div class=\"fusion-column-wrapper fusion-column-has-shadow fusion-flex-justify-content-flex-start fusion-content-layout-column\"><div class=\"fusion-text fusion-text-1\"><p class=\"intro-paragraph\"><span class=\"fusion-dropcap dropcap\" style=\"--awb-color:var(--awb-color4);\">E<\/span>os programas de enriquecimiento son una de las mejores maneras de que los estudiantes de secundaria perfeccionen sus habilidades y persigan sus pasiones.<\/p>\n<p>Al explorar \u00e1reas de inter\u00e9s fuera del aula, nuestros estudiantes adquieren conocimientos y perspectivas que mejoran sus solicitudes universitarias y la confianza que necesitan para ir a la universidad. Se informa a los estudiantes de todos los programas de los que tenemos conocimiento y tambi\u00e9n se les ayuda a solicitarlos.<\/p>\n<p>Los programas de enriquecimiento suelen ser ofrecidos por universidades u organizaciones comunitarias y tienen lugar fuera del horario escolar (despu\u00e9s de las clases, por la tarde\/noche o los s\u00e1bados) durante el curso escolar y en verano. Los programas de enriquecimiento de verano <em>suelen <\/em>ser programas residenciales en un campus universitario que ofrecen una combinaci\u00f3n de actividades acad\u00e9micas y sociales en un entorno supervisado que permite a los estudiantes explorar la vida en un campus universitario durante varias semanas en verano.<\/p>\n<\/div><\/div><\/div><div class=\"fusion-layout-column fusion_builder_column fusion-builder-column-3 fusion_builder_column_1_2 1_2 fusion-flex-column\" style=\"--awb-bg-size:cover;--awb-width-large:50%;--awb-margin-top-large:0px;--awb-spacing-right-large:3.84%;--awb-margin-bottom-large:20px;--awb-spacing-left-large:3.84%;--awb-width-medium:50%;--awb-order-medium:0;--awb-spacing-right-medium:3.84%;--awb-spacing-left-medium:3.84%;--awb-width-small:100%;--awb-order-small:0;--awb-spacing-right-small:1.92%;--awb-spacing-left-small:1.92%;\"><div class=\"fusion-column-wrapper fusion-column-has-shadow fusion-flex-justify-content-flex-start fusion-content-layout-column\"><div class=\"fusion-image-element \" style=\"text-align:center;--awb-caption-title-font-family:var(--h2_typography-font-family);--awb-caption-title-font-weight:var(--h2_typography-font-weight);--awb-caption-title-font-style:var(--h2_typography-font-style);--awb-caption-title-size:var(--h2_typography-font-size);--awb-caption-title-transform:var(--h2_typography-text-transform);--awb-caption-title-line-height:var(--h2_typography-line-height);--awb-caption-title-letter-spacing:var(--h2_typography-letter-spacing);\"><span class=\" fusion-imageframe imageframe-none imageframe-1 hover-type-none\" style=\"border-radius:30px;\"><img decoding=\"async\" width=\"800\" height=\"800\" alt=\"students at Detroit Cristo Rey robotics fair\" title=\"robotics fair\" src=\"https:\/\/detroitcristorey.org\/wp-content\/uploads\/2023\/11\/robotics-fair.webp\" class=\"img-responsive wp-image-314\"\/><\/span><\/div><\/div><\/div><\/div><\/div><div class=\"fusion-fullwidth fullwidth-box fusion-builder-row-3 fusion-flex-container has-pattern-background has-mask-background nonhundred-percent-fullwidth non-hundred-percent-height-scrolling\" style=\"--awb-border-radius-top-left:0px;--awb-border-radius-top-right:0px;--awb-border-radius-bottom-right:0px;--awb-border-radius-bottom-left:0px;--awb-padding-top:50px;--awb-padding-right:50px;--awb-padding-bottom:50px;--awb-padding-left:50px;--awb-background-color:var(--awb-color2);--awb-flex-wrap:wrap;\" ><div class=\"fusion-builder-row fusion-row fusion-flex-align-items-flex-start fusion-flex-content-wrap\" style=\"max-width:1248px;margin-left: calc(-4% \/ 2 );margin-right: calc(-4% \/ 2 );\"><div class=\"fusion-layout-column fusion_builder_column fusion-builder-column-4 fusion_builder_column_1_1 1_1 fusion-flex-column\" style=\"--awb-bg-size:cover;--awb-width-large:100%;--awb-margin-top-large:0px;--awb-spacing-right-large:1.92%;--awb-margin-bottom-large:20px;--awb-spacing-left-large:1.92%;--awb-width-medium:100%;--awb-order-medium:0;--awb-spacing-right-medium:1.92%;--awb-spacing-left-medium:1.92%;--awb-width-small:100%;--awb-order-small:0;--awb-spacing-right-small:1.92%;--awb-spacing-left-small:1.92%;\"><div class=\"fusion-column-wrapper fusion-column-has-shadow fusion-flex-justify-content-flex-start fusion-content-layout-column\"><div class=\"fusion-title title fusion-title-3 fusion-sep-none fusion-title-center fusion-title-text fusion-title-size-two\" style=\"--awb-margin-top-small:10px;--awb-margin-right-small:0px;--awb-margin-bottom-small:10px;--awb-margin-left-small:0px;\"><h2 class=\"fusion-title-heading title-heading-center\" style=\"margin:0;\">Ministerio del Campus<\/h2><\/div><\/div><\/div><div class=\"fusion-layout-column fusion_builder_column fusion-builder-column-5 fusion_builder_column_1_2 1_2 fusion-flex-column\" style=\"--awb-bg-size:cover;--awb-width-large:50%;--awb-margin-top-large:0px;--awb-spacing-right-large:3.84%;--awb-margin-bottom-large:20px;--awb-spacing-left-large:3.84%;--awb-width-medium:50%;--awb-order-medium:0;--awb-spacing-right-medium:3.84%;--awb-spacing-left-medium:3.84%;--awb-width-small:100%;--awb-order-small:0;--awb-spacing-right-small:1.92%;--awb-spacing-left-small:1.92%;\"><div class=\"fusion-column-wrapper fusion-column-has-shadow fusion-flex-justify-content-flex-start fusion-content-layout-column\"><div class=\"fusion-image-element \" style=\"text-align:center;--awb-margin-bottom-small:20px;--awb-caption-title-font-family:var(--h2_typography-font-family);--awb-caption-title-font-weight:var(--h2_typography-font-weight);--awb-caption-title-font-style:var(--h2_typography-font-style);--awb-caption-title-size:var(--h2_typography-font-size);--awb-caption-title-transform:var(--h2_typography-text-transform);--awb-caption-title-line-height:var(--h2_typography-line-height);--awb-caption-title-letter-spacing:var(--h2_typography-letter-spacing);\"><span class=\" fusion-imageframe imageframe-none imageframe-2 hover-type-none\" style=\"border-radius:30px;\"><img decoding=\"async\" width=\"800\" height=\"800\" alt=\"Estudiantes de Cristo Rey de Detroit en el culto\" title=\"students at worship service\" src=\"https:\/\/detroitcristorey.org\/wp-content\/uploads\/2023\/11\/students-at-worship-service.webp\" class=\"img-responsive wp-image-317\"\/><\/span><\/div><\/div><\/div><div class=\"fusion-layout-column fusion_builder_column fusion-builder-column-6 fusion_builder_column_1_2 1_2 fusion-flex-column\" style=\"--awb-bg-size:cover;--awb-width-large:50%;--awb-margin-top-large:0px;--awb-spacing-right-large:3.84%;--awb-margin-bottom-large:20px;--awb-spacing-left-large:9.6%;--awb-width-medium:50%;--awb-order-medium:0;--awb-spacing-right-medium:3.84%;--awb-spacing-left-medium:9.6%;--awb-width-small:100%;--awb-order-small:0;--awb-spacing-right-small:1.92%;--awb-spacing-left-small:1.92%;\" data-scroll-devices=\"small-visibility,medium-visibility,large-visibility\"><div class=\"fusion-column-wrapper fusion-column-has-shadow fusion-flex-justify-content-flex-start fusion-content-layout-column\"><div class=\"fusion-text fusion-text-2\"><p class=\"intro-paragraph\"><span class=\"fusion-dropcap dropcap\" style=\"--awb-color:var(--awb-color4);\">R<\/span>arraigado en las tradiciones IHM y Basiliana, el Ministerio del Campus de Detroit Cristo Rey sirve a los estudiantes ofreci\u00e9ndoles la oportunidad de crecer espiritualmente a trav\u00e9s de la oraci\u00f3n, la reflexi\u00f3n, el servicio y la acci\u00f3n en favor de la justicia.<\/p>\n<p>Reconociendo que nuestros alumnos proceden de diversos credos, acogemos y animamos a los que no son cat\u00f3licos a una comprensi\u00f3n m\u00e1s profunda y a una expresi\u00f3n m\u00e1s amplia de la fe que profesen. La Oficina de Fe, Servicio y Justicia del DCR es tambi\u00e9n un espacio acogedor para los estudiantes que no se identifican religiosamente pero que buscan crecer espiritualmente.<\/p>\n<p>Se invita a los estudiantes a pasar por la capilla para rezar, meditar o conversar tranquilamente. La Pastoral Universitaria ofrece retiros, experiencias de inmersi\u00f3n y oportunidades para servir a la comunidad local y mundial mediante actos de misericordia y justicia.<\/p>\n<\/div><div class=\"fusion-content-boxes content-boxes columns row fusion-columns-1 fusion-columns-total-1 fusion-content-boxes-1 content-boxes-icon-with-title content-left question-box\" style=\"--awb-backgroundcolor:var(--awb-color2);--awb-title-color:var(--awb-color4);--awb-iconcolor:var(--awb-color1);--awb-item-margin-bottom:0px;--awb-margin-top:20px;--awb-margin-bottom:0px;--awb-hover-accent-color:var(--awb-color4);--awb-circle-hover-accent-color:var(--awb-color4);\" data-animationOffset=\"top-into-view\"><div style=\"--awb-backgroundcolor:var(--awb-color2);--awb-iconcolor:var(--awb-color1);\" class=\"fusion-column content-box-column content-box-column content-box-column-1 col-lg-12 col-md-12 col-sm-12 fusion-content-box-hover content-box-column-last content-box-column-last-in-row\"><div class=\"col content-box-wrapper content-wrapper-background link-area-link-icon icon-hover-animation-fade\" data-animationOffset=\"top-into-view\"><div class=\"heading heading-with-icon icon-left\"><div class=\"icon\"><i style=\"border-color:var(--awb-color4);border-width:1px;background-color:var(--awb-color4);box-sizing:content-box;height:40px;width:40px;line-height:40px;border-radius:50%;font-size:20px;\" aria-hidden=\"true\" class=\"fontawesome-icon fa-angle-right fas circle-yes\"><\/i><\/div><h4 class=\"content-box-heading\" style=\"--h4_typography-font-size:24px;line-height:29px;\">\u00bfPreguntas?<\/h4><\/div><div class=\"fusion-clearfix\"><\/div><div class=\"content-container\">\n<p>P\u00f3ngase en contacto con Kimberly Redigan, Directora del Ministerio del Campus, en el 313-843-2747 x207 o <a href=\"mailto:%20KRedigan@detroitcristorey.org\">KRedigan@detroitcristorey.org<\/a>.<\/p>\n<\/div><\/div><\/div><div class=\"fusion-clearfix\"><\/div><\/div><\/div><\/div><div class=\"fusion-layout-column fusion_builder_column fusion-builder-column-7 fusion_builder_column_1_1 1_1 fusion-flex-column\" style=\"--awb-bg-size:cover;--awb-width-large:100%;--awb-margin-top-large:0px;--awb-spacing-right-large:1.92%;--awb-margin-bottom-large:20px;--awb-spacing-left-large:1.92%;--awb-width-medium:100%;--awb-order-medium:0;--awb-spacing-right-medium:1.92%;--awb-spacing-left-medium:1.92%;--awb-width-small:100%;--awb-order-small:0;--awb-spacing-right-small:1.92%;--awb-spacing-left-small:1.92%;\"><div class=\"fusion-column-wrapper fusion-column-has-shadow fusion-flex-justify-content-flex-start fusion-content-layout-column\"><div style=\"text-align:center;\"><a class=\"fusion-button button-flat fusion-button-default-size button-default fusion-button-default button-1 fusion-button-default-span fusion-button-default-type\" style=\"--awb-margin-top:30px;\" target=\"_blank\" rel=\"noopener noreferrer\" href=\"https:\/\/sites.google.com\/detroitcristorey.org\/campusministry\/home?authuser=0\"><span class=\"fusion-button-text awb-button__text awb-button__text--default\">P\u00e1gina web de la pastoral universitaria<\/span><i class=\"fa-angle-right fas awb-button__icon awb-button__icon--default button-icon-right\" aria-hidden=\"true\"><\/i><\/a><\/div><\/div><\/div><\/div><\/div><\/p>\n","protected":false},"excerpt":{"rendered":"","protected":false},"author":1,"featured_media":0,"parent":0,"menu_order":0,"comment_status":"closed","ping_status":"closed","template":"100-width.php","meta":{"footnotes":""},"class_list":["post-392","page","type-page","status-publish","hentry"],"yoast_head":"<!-- This site is optimized with the Yoast SEO plugin v27.4 - https:\/\/yoast.com\/product\/yoast-seo-wordpress\/ -->\n<title>Vida estudiantil | Detroit Cristo Rey High School<\/title>\n<meta name=\"description\" content=\"Con nuestros numerosos programas de enriquecimiento, los estudiantes adquieren conocimientos y perspectivas que mejoran sus solicitudes universitarias y su confianza.\" \/>\n<meta name=\"robots\" content=\"index, follow, max-snippet:-1, max-image-preview:large, max-video-preview:-1\" \/>\n<link rel=\"canonical\" href=\"https:\/\/detroitcristorey.org\/student-life\/\" \/>\n<meta property=\"og:locale\" content=\"es_ES\" \/>\n<meta property=\"og:type\" content=\"article\" \/>\n<meta property=\"og:title\" content=\"Vida estudiantil | Detroit Cristo Rey High School\" \/>\n<meta property=\"og:description\" content=\"Con nuestros numerosos programas de enriquecimiento, los estudiantes adquieren conocimientos y perspectivas que mejoran sus solicitudes universitarias y su confianza.\" \/>\n<meta property=\"og:url\" content=\"https:\/\/detroitcristorey.org\/student-life\/\" \/>\n<meta property=\"og:site_name\" content=\"Detroit Cristo Rey High School\" \/>\n<meta property=\"article:publisher\" content=\"https:\/\/www.facebook.com\/detcristorey\" \/>\n<meta property=\"article:modified_time\" content=\"2025-07-29T20:13:05+00:00\" \/>\n<meta property=\"og:image\" content=\"https:\/\/detroitcristorey.org\/wp-content\/uploads\/2023\/12\/CristoReyLogo_REV_yellow_062721_TSTW_y_nobackground.webp\" \/>\n\t<meta property=\"og:image:width\" content=\"1200\" \/>\n\t<meta property=\"og:image:height\" content=\"900\" \/>\n\t<meta property=\"og:image:type\" content=\"image\/webp\" \/>\n<meta name=\"twitter:card\" content=\"summary_large_image\" \/>\n<meta name=\"twitter:label1\" content=\"Tiempo de lectura\" \/>\n\t<meta name=\"twitter:data1\" content=\"20 minutos\" \/>\n<script type=\"application\/ld+json\" class=\"yoast-schema-graph\">{\"@context\":\"https:\\\/\\\/schema.org\",\"@graph\":[{\"@type\":\"WebPage\",\"@id\":\"https:\\\/\\\/detroitcristorey.org\\\/student-life\\\/\",\"url\":\"https:\\\/\\\/detroitcristorey.org\\\/student-life\\\/\",\"name\":\"Vida estudiantil | Detroit Cristo Rey High School\",\"isPartOf\":{\"@id\":\"https:\\\/\\\/detroitcristorey.org\\\/#website\"},\"datePublished\":\"2023-08-17T17:44:16+00:00\",\"dateModified\":\"2025-07-29T20:13:05+00:00\",\"description\":\"Con nuestros numerosos programas de enriquecimiento, los estudiantes adquieren conocimientos y perspectivas que mejoran sus solicitudes universitarias y su confianza.\",\"breadcrumb\":{\"@id\":\"https:\\\/\\\/detroitcristorey.org\\\/student-life\\\/#breadcrumb\"},\"inLanguage\":\"es\",\"potentialAction\":[{\"@type\":\"ReadAction\",\"target\":[\"https:\\\/\\\/detroitcristorey.org\\\/student-life\\\/\"]}]},{\"@type\":\"BreadcrumbList\",\"@id\":\"https:\\\/\\\/detroitcristorey.org\\\/student-life\\\/#breadcrumb\",\"itemListElement\":[{\"@type\":\"ListItem\",\"position\":1,\"name\":\"Home\",\"item\":\"https:\\\/\\\/detroitcristorey.org\\\/es\\\/inicio\\\/\"},{\"@type\":\"ListItem\",\"position\":2,\"name\":\"Vida estudiantil\"}]},{\"@type\":\"WebSite\",\"@id\":\"https:\\\/\\\/detroitcristorey.org\\\/#website\",\"url\":\"https:\\\/\\\/detroitcristorey.org\\\/\",\"name\":\"Detroit Cristo Rey High School\",\"description\":\"The School that Works!\",\"publisher\":{\"@id\":\"https:\\\/\\\/detroitcristorey.org\\\/#organization\"},\"potentialAction\":[{\"@type\":\"SearchAction\",\"target\":{\"@type\":\"EntryPoint\",\"urlTemplate\":\"https:\\\/\\\/detroitcristorey.org\\\/?s={search_term_string}\"},\"query-input\":{\"@type\":\"PropertyValueSpecification\",\"valueRequired\":true,\"valueName\":\"search_term_string\"}}],\"inLanguage\":\"es\"},{\"@type\":\"Organization\",\"@id\":\"https:\\\/\\\/detroitcristorey.org\\\/#organization\",\"name\":\"Detroit Cristo Rey High School\",\"url\":\"https:\\\/\\\/detroitcristorey.org\\\/\",\"logo\":{\"@type\":\"ImageObject\",\"inLanguage\":\"es\",\"@id\":\"https:\\\/\\\/detroitcristorey.org\\\/#\\\/schema\\\/logo\\\/image\\\/\",\"url\":\"https:\\\/\\\/detroitcristorey.org\\\/wp-content\\\/uploads\\\/2023\\\/12\\\/CristoReyLogo_REV_yellow_062721_TSTW_y_nobackground.png\",\"contentUrl\":\"https:\\\/\\\/detroitcristorey.org\\\/wp-content\\\/uploads\\\/2023\\\/12\\\/CristoReyLogo_REV_yellow_062721_TSTW_y_nobackground.png\",\"width\":1200,\"height\":900,\"caption\":\"Detroit Cristo Rey High School\"},\"image\":{\"@id\":\"https:\\\/\\\/detroitcristorey.org\\\/#\\\/schema\\\/logo\\\/image\\\/\"},\"sameAs\":[\"https:\\\/\\\/www.facebook.com\\\/detcristorey\",\"https:\\\/\\\/www.linkedin.com\\\/school\\\/detroit-cristo-rey-high-school\\\/\",\"https:\\\/\\\/www.instagram.com\\\/detroitcristoreyhighschool\\\/\"]}]}<\/script>\n<!-- \/ Yoast SEO plugin. -->","yoast_head_json":{"title":"Vida estudiantil | Detroit Cristo Rey High School","description":"Con nuestros numerosos programas de enriquecimiento, los estudiantes adquieren conocimientos y perspectivas que mejoran sus solicitudes universitarias y su confianza.","robots":{"index":"index","follow":"follow","max-snippet":"max-snippet:-1","max-image-preview":"max-image-preview:large","max-video-preview":"max-video-preview:-1"},"canonical":"https:\/\/detroitcristorey.org\/student-life\/","og_locale":"es_ES","og_type":"article","og_title":"Vida estudiantil | Detroit Cristo Rey High School","og_description":"Con nuestros numerosos programas de enriquecimiento, los estudiantes adquieren conocimientos y perspectivas que mejoran sus solicitudes universitarias y su confianza.","og_url":"https:\/\/detroitcristorey.org\/student-life\/","og_site_name":"Detroit Cristo Rey High School","article_publisher":"https:\/\/www.facebook.com\/detcristorey","article_modified_time":"2025-07-29T20:13:05+00:00","og_image":[{"width":1200,"height":900,"url":"https:\/\/detroitcristorey.org\/wp-content\/uploads\/2023\/12\/CristoReyLogo_REV_yellow_062721_TSTW_y_nobackground.webp","type":"image\/webp"}],"twitter_card":"summary_large_image","twitter_misc":{"Tiempo de lectura":"20 minutos"},"schema":{"@context":"https:\/\/schema.org","@graph":[{"@type":"WebPage","@id":"https:\/\/detroitcristorey.org\/student-life\/","url":"https:\/\/detroitcristorey.org\/student-life\/","name":"Vida estudiantil | Detroit Cristo Rey High School","isPartOf":{"@id":"https:\/\/detroitcristorey.org\/#website"},"datePublished":"2023-08-17T17:44:16+00:00","dateModified":"2025-07-29T20:13:05+00:00","description":"Con nuestros numerosos programas de enriquecimiento, los estudiantes adquieren conocimientos y perspectivas que mejoran sus solicitudes universitarias y su confianza.","breadcrumb":{"@id":"https:\/\/detroitcristorey.org\/student-life\/#breadcrumb"},"inLanguage":"es","potentialAction":[{"@type":"ReadAction","target":["https:\/\/detroitcristorey.org\/student-life\/"]}]},{"@type":"BreadcrumbList","@id":"https:\/\/detroitcristorey.org\/student-life\/#breadcrumb","itemListElement":[{"@type":"ListItem","position":1,"name":"Home","item":"https:\/\/detroitcristorey.org\/es\/inicio\/"},{"@type":"ListItem","position":2,"name":"Vida estudiantil"}]},{"@type":"WebSite","@id":"https:\/\/detroitcristorey.org\/#website","url":"https:\/\/detroitcristorey.org\/","name":"Detroit Cristo Rey High School","description":"The School that Works!","publisher":{"@id":"https:\/\/detroitcristorey.org\/#organization"},"potentialAction":[{"@type":"SearchAction","target":{"@type":"EntryPoint","urlTemplate":"https:\/\/detroitcristorey.org\/?s={search_term_string}"},"query-input":{"@type":"PropertyValueSpecification","valueRequired":true,"valueName":"search_term_string"}}],"inLanguage":"es"},{"@type":"Organization","@id":"https:\/\/detroitcristorey.org\/#organization","name":"Detroit Cristo Rey High School","url":"https:\/\/detroitcristorey.org\/","logo":{"@type":"ImageObject","inLanguage":"es","@id":"https:\/\/detroitcristorey.org\/#\/schema\/logo\/image\/","url":"https:\/\/detroitcristorey.org\/wp-content\/uploads\/2023\/12\/CristoReyLogo_REV_yellow_062721_TSTW_y_nobackground.png","contentUrl":"https:\/\/detroitcristorey.org\/wp-content\/uploads\/2023\/12\/CristoReyLogo_REV_yellow_062721_TSTW_y_nobackground.png","width":1200,"height":900,"caption":"Detroit Cristo Rey High School"},"image":{"@id":"https:\/\/detroitcristorey.org\/#\/schema\/logo\/image\/"},"sameAs":["https:\/\/www.facebook.com\/detcristorey","https:\/\/www.linkedin.com\/school\/detroit-cristo-rey-high-school\/","https:\/\/www.instagram.com\/detroitcristoreyhighschool\/"]}]}},"_links":{"self":[{"href":"https:\/\/detroitcristorey.org\/es\/wp-json\/wp\/v2\/pages\/392","targetHints":{"allow":["GET"]}}],"collection":[{"href":"https:\/\/detroitcristorey.org\/es\/wp-json\/wp\/v2\/pages"}],"about":[{"href":"https:\/\/detroitcristorey.org\/es\/wp-json\/wp\/v2\/types\/page"}],"author":[{"embeddable":true,"href":"https:\/\/detroitcristorey.org\/es\/wp-json\/wp\/v2\/users\/1"}],"replies":[{"embeddable":true,"href":"https:\/\/detroitcristorey.org\/es\/wp-json\/wp\/v2\/comments?post=392"}],"version-history":[{"count":0,"href":"https:\/\/detroitcristorey.org\/es\/wp-json\/wp\/v2\/pages\/392\/revisions"}],"wp:attachment":[{"href":"https:\/\/detroitcristorey.org\/es\/wp-json\/wp\/v2\/media?parent=392"}],"curies":[{"name":"wp","href":"https:\/\/api.w.org\/{rel}","templated":true}]}}