{"id":387,"date":"2023-08-17T13:42:28","date_gmt":"2023-08-17T17:42:28","guid":{"rendered":"https:\/\/detroitcristor.wpengine.com\/academicos\/orientacion-escolar\/"},"modified":"2025-07-29T16:09:37","modified_gmt":"2025-07-29T20:09:37","slug":"orientacion-escolar","status":"publish","type":"page","link":"https:\/\/detroitcristorey.org\/es\/academicos\/orientacion-escolar\/","title":{"rendered":"Orientaci\u00f3n escolar"},"content":{"rendered":"<p><div class=\"fusion-fullwidth fullwidth-box fusion-builder-row-1 fusion-flex-container has-pattern-background has-mask-background fusion-parallax-none hundred-percent-fullwidth non-hundred-percent-height-scrolling\" style=\"--awb-background-position-medium:center center;--awb-background-position-small:center center;--awb-background-blend-mode:overlay;--awb-border-radius-top-left:0px;--awb-border-radius-top-right:0px;--awb-border-radius-bottom-right:0px;--awb-border-radius-bottom-left:0px;--awb-padding-top:0px;--awb-padding-bottom:0px;--awb-padding-top-medium:0px;--awb-padding-top-small:0px;--awb-margin-bottom:0px;--awb-background-color:rgba(13,13,13,0.25);--awb-background-image:url(&quot;https:\/\/detroitcristorey.org\/wp-content\/uploads\/2024\/09\/breakfast-with-purpose-background.png&quot;);--awb-background-size:cover;--awb-flex-wrap:wrap;\" ><div class=\"fusion-builder-row fusion-row fusion-flex-align-items-flex-start fusion-flex-content-wrap\" style=\"width:104% !important;max-width:104% !important;margin-left: calc(-4% \/ 2 );margin-right: calc(-4% \/ 2 );\"><div class=\"fusion-layout-column fusion_builder_column fusion-builder-column-0 fusion_builder_column_1_1 1_1 fusion-flex-column\" style=\"--awb-padding-top:60px;--awb-bg-size:cover;--awb-width-large:100%;--awb-margin-top-large:0px;--awb-spacing-right-large:1.92%;--awb-margin-bottom-large:0px;--awb-spacing-left-large:1.92%;--awb-width-medium:100%;--awb-order-medium:0;--awb-spacing-right-medium:1.92%;--awb-spacing-left-medium:1.92%;--awb-width-small:100%;--awb-order-small:0;--awb-spacing-right-small:1.92%;--awb-spacing-left-small:1.92%;\" data-scroll-devices=\"small-visibility,medium-visibility,large-visibility\"><div class=\"fusion-column-wrapper fusion-column-has-shadow fusion-flex-justify-content-flex-start fusion-content-layout-column\"><div class=\"fusion-title title fusion-title-1 fusion-sep-none fusion-title-center fusion-title-text fusion-title-size-five\" style=\"--awb-text-color:var(--awb-color7);--awb-margin-bottom:0px;--awb-margin-top-small:10px;--awb-margin-right-small:0px;--awb-margin-bottom-small:10px;--awb-margin-left-small:0px;\"><h5 class=\"fusion-title-heading title-heading-center\" style=\"margin:0;\">ACAD\u00c9MICOS<\/h5><\/div><div class=\"fusion-title title fusion-title-2 fusion-sep-none fusion-title-center fusion-title-text fusion-title-size-one\" style=\"--awb-text-color:var(--awb-color1);--awb-margin-top:5px;--awb-margin-bottom:60px;--awb-margin-top-small:10px;--awb-margin-right-small:0px;--awb-margin-bottom-small:60px;--awb-margin-left-small:0px;--awb-margin-bottom-medium:60px;\"><h1 class=\"fusion-title-heading title-heading-center\" style=\"margin:0;\">Orientaci\u00f3n escolar<\/h1><\/div><div class=\"fusion-section-separator section-separator big-half-circle fusion-section-separator-1\" style=\"--awb-spacer-height:110px;--awb-svg-margin-left:1.92%;--awb-svg-margin-right:1.92%;--awb-svg-margin-left-medium:1.92%;--awb-svg-margin-right-medium:1.92%;--awb-svg-margin-left-small:1.92%;--awb-svg-margin-right-small:1.92%;--awb-divider-height:110px;--awb-spacer-padding-top:inherit;--awb-divider-height-medium:80px;--awb-spacer-height-medium:80px;--awb-divider-height-small:50px;--awb-spacer-height-small:50px;--awb-sep-padding:0;--awb-svg-padding:0;--awb-margin-top:0px;--awb-margin-bottom:0px;\"><div class=\"fusion-section-separator-svg\"><svg class=\"fusion-big-half-circle-candy\" xmlns=\"http:\/\/www.w3.org\/2000\/svg\" version=\"1.1\" width=\"100%\" height=\"100\" viewBox=\"0 0 100 100\" preserveAspectRatio=\"none\" fill=\"rgba(255,255,255,1)\"><path d=\"M0 100 C40 0 60 0 100 100 Z\"><\/path><\/svg><\/div><div class=\"fusion-section-separator-spacer\"><div class=\"fusion-section-separator-spacer-height\"><\/div><\/div><\/div><\/div><\/div><\/div><\/div><div class=\"fusion-fullwidth fullwidth-box fusion-builder-row-2 fusion-flex-container has-pattern-background has-mask-background nonhundred-percent-fullwidth non-hundred-percent-height-scrolling\" style=\"--awb-border-radius-top-left:0px;--awb-border-radius-top-right:0px;--awb-border-radius-bottom-right:0px;--awb-border-radius-bottom-left:0px;--awb-padding-top:0px;--awb-padding-right:50px;--awb-padding-bottom:50px;--awb-padding-left:50px;--awb-padding-bottom-small:15px;--awb-margin-top:0px;--awb-flex-wrap:wrap;\" ><div class=\"fusion-builder-row fusion-row fusion-flex-align-items-flex-start fusion-flex-content-wrap\" style=\"max-width:1248px;margin-left: calc(-4% \/ 2 );margin-right: calc(-4% \/ 2 );\"><div class=\"fusion-layout-column fusion_builder_column fusion-builder-column-1 fusion_builder_column_1_1 1_1 fusion-flex-column\" style=\"--awb-bg-size:cover;--awb-width-large:100%;--awb-margin-top-large:0px;--awb-spacing-right-large:1.92%;--awb-margin-bottom-large:30px;--awb-spacing-left-large:1.92%;--awb-width-medium:100%;--awb-order-medium:0;--awb-margin-top-medium:10px;--awb-spacing-right-medium:1.92%;--awb-spacing-left-medium:1.92%;--awb-width-small:100%;--awb-order-small:0;--awb-spacing-right-small:1.92%;--awb-spacing-left-small:1.92%;\"><div class=\"fusion-column-wrapper fusion-column-has-shadow fusion-flex-justify-content-flex-start fusion-content-layout-column\"><div class=\"fusion-title title fusion-title-3 fusion-sep-none fusion-title-center fusion-title-text fusion-title-size-two\" style=\"--awb-margin-top-small:10px;--awb-margin-right-small:0px;--awb-margin-bottom-small:10px;--awb-margin-left-small:0px;\"><h2 class=\"fusion-title-heading title-heading-center\" style=\"margin:0;\"><span style=\"font-weight: 400;\">Apoyo social, emocional y acad\u00e9mico<\/span><\/h2><\/div><\/div><\/div><div class=\"fusion-layout-column fusion_builder_column fusion-builder-column-2 fusion_builder_column_1_2 1_2 fusion-flex-column\" style=\"--awb-bg-size:cover;--awb-width-large:50%;--awb-margin-top-large:0px;--awb-spacing-right-large:3.84%;--awb-margin-bottom-large:20px;--awb-spacing-left-large:3.84%;--awb-width-medium:50%;--awb-order-medium:0;--awb-spacing-right-medium:3.84%;--awb-spacing-left-medium:3.84%;--awb-width-small:100%;--awb-order-small:0;--awb-spacing-right-small:1.92%;--awb-spacing-left-small:1.92%;\" data-scroll-devices=\"small-visibility,medium-visibility,large-visibility\"><div class=\"fusion-column-wrapper fusion-column-has-shadow fusion-flex-justify-content-flex-start fusion-content-layout-column\"><div class=\"fusion-text fusion-text-1\"><p class=\"intro-paragraph\"><span class=\"fusion-dropcap dropcap\" style=\"--awb-color:var(--awb-color4);\">T<\/span>l departamento de orientaci\u00f3n de Detroit Cristo Rey est\u00e1 formado por dos orientadores que trabajan con dos cursos cada uno.<\/p>\n<p>La Sra. Elvia trabaja con todos los estudiantes de primer y segundo a\u00f1o, y la Sra. Sesi trabaja con todos los estudiantes de tercer y cuarto a\u00f1o.<\/p>\n<p>El asesoramiento en el DCR es m\u00e1s singular que el de un consejero de instituto normal. Los consejeros no trabajan con los estudiantes con respecto a las preocupaciones de programaci\u00f3n, transcripciones, visitas a la universidad o asesoramiento universitario. Los consejeros escolares del DCR trabajan con los alumnos para proporcionarles apoyo emocional, social y acad\u00e9mico. Todos los estudiantes pueden reunirse con los consejeros cuando lo necesiten. No es necesario ning\u00fan requisito ni remisi\u00f3n para reunirse con los consejeros.<\/p>\n<p>Ejemplos de servicios de asesoramiento prestados en DCR:<\/p>\n<ul>\n<li>Preocupaciones acad\u00e9micas<\/li>\n<li>Intervenci\u00f3n en crisis<\/li>\n<li>Asesoramiento en duelo<\/li>\n<li>Orientaci\u00f3n profesional<\/li>\n<li>Gesti\u00f3n de la ira<\/li>\n<li>Conflictos familiares<\/li>\n<li>Conflictos entre iguales<\/li>\n<li>Apoyo para la depresi\u00f3n y\/o la ansiedad<\/li>\n<li>Derivaciones terap\u00e9uticas<\/li>\n<\/ul>\n<p>El asesoramiento escolar no sustituye a la terapia. Los orientadores informar\u00e1n a los padres\/tutores cuando se recomiende la derivaci\u00f3n a terapia. Se anima a los padres\/tutores a ponerse en contacto con los consejeros si tienen alguna preocupaci\u00f3n que les gustar\u00eda discutir. Los consejeros tambi\u00e9n est\u00e1n disponibles para reunirse con los padres cuando sea necesario, se prefieren las citas concertadas con antelaci\u00f3n.<\/p>\n<\/div><\/div><\/div><div class=\"fusion-layout-column fusion_builder_column fusion-builder-column-3 fusion_builder_column_1_2 1_2 fusion-flex-column\" style=\"--awb-bg-size:cover;--awb-width-large:50%;--awb-margin-top-large:0px;--awb-spacing-right-large:3.84%;--awb-margin-bottom-large:20px;--awb-spacing-left-large:3.84%;--awb-width-medium:50%;--awb-order-medium:0;--awb-spacing-right-medium:3.84%;--awb-spacing-left-medium:3.84%;--awb-width-small:100%;--awb-order-small:0;--awb-spacing-right-small:1.92%;--awb-spacing-left-small:1.92%;\"><div class=\"fusion-column-wrapper fusion-column-has-shadow fusion-flex-justify-content-flex-start fusion-content-layout-column\"><div class=\"fusion-image-element \" style=\"text-align:center;--awb-margin-bottom:30px;--awb-caption-title-font-family:var(--h2_typography-font-family);--awb-caption-title-font-weight:var(--h2_typography-font-weight);--awb-caption-title-font-style:var(--h2_typography-font-style);--awb-caption-title-size:var(--h2_typography-font-size);--awb-caption-title-transform:var(--h2_typography-text-transform);--awb-caption-title-line-height:var(--h2_typography-line-height);--awb-caption-title-letter-spacing:var(--h2_typography-letter-spacing);\"><span class=\" fusion-imageframe imageframe-none imageframe-1 hover-type-none\" style=\"border-radius:30px;\"><img decoding=\"async\" width=\"800\" height=\"800\" alt=\"Estudiante de Detroit Cristo Rey con su asesor acad\u00e9mico\" title=\"student and academic advisor\" src=\"https:\/\/detroitcristorey.org\/wp-content\/uploads\/2023\/11\/student-and-academic-advisor.webp\" class=\"img-responsive wp-image-306\"\/><\/span><\/div><div class=\"fusion-content-boxes content-boxes columns row fusion-columns-1 fusion-columns-total-1 fusion-content-boxes-1 content-boxes-icon-with-title content-left question-box\" style=\"--awb-backgroundcolor:var(--awb-color1);--awb-title-color:var(--awb-color4);--awb-iconcolor:var(--awb-color1);--awb-item-margin-bottom:0px;--awb-margin-top:20px;--awb-margin-bottom:0px;--awb-hover-accent-color:var(--awb-color4);--awb-circle-hover-accent-color:var(--awb-color4);\" data-animationOffset=\"top-into-view\"><div style=\"--awb-backgroundcolor:var(--awb-color1);--awb-iconcolor:var(--awb-color1);\" class=\"fusion-column content-box-column content-box-column content-box-column-1 col-lg-12 col-md-12 col-sm-12 fusion-content-box-hover content-box-column-last content-box-column-last-in-row\"><div class=\"col content-box-wrapper content-wrapper-background link-area-link-icon icon-hover-animation-fade\" data-animationOffset=\"top-into-view\"><div class=\"heading heading-with-icon icon-left\"><div class=\"icon\"><i style=\"border-color:var(--awb-color4);border-width:1px;background-color:var(--awb-color4);box-sizing:content-box;height:40px;width:40px;line-height:40px;border-radius:50%;font-size:20px;\" aria-hidden=\"true\" class=\"fontawesome-icon fa-angle-right fas circle-yes\"><\/i><\/div><h4 class=\"content-box-heading\" style=\"--h4_typography-font-size:24px;line-height:29px;\">\u00bfPreguntas?<\/h4><\/div><div class=\"fusion-clearfix\"><\/div><div class=\"content-container\">Ponte en contacto con Elvia Murga-Zeno, Directora de Asesoramiento Socioemocional, en <a href=\"mailto:emurga-zeno@detroitcristorey.org\">emurga-zeno@detroitcristorey.org.<\/a><\/div><\/div><\/div><div class=\"fusion-clearfix\"><\/div><\/div><\/div><\/div><\/div><\/div><\/p>\n","protected":false},"excerpt":{"rendered":"","protected":false},"author":1,"featured_media":0,"parent":373,"menu_order":0,"comment_status":"closed","ping_status":"closed","template":"100-width.php","meta":{"footnotes":""},"class_list":["post-387","page","type-page","status-publish","hentry"],"yoast_head":"<!-- This site is optimized with the Yoast SEO plugin v27.4 - https:\/\/yoast.com\/product\/yoast-seo-wordpress\/ -->\n<title>Orientaci\u00f3n escolar | Detroit Cristo Rey High School<\/title>\n<meta name=\"robots\" content=\"index, follow, max-snippet:-1, max-image-preview:large, max-video-preview:-1\" \/>\n<link rel=\"canonical\" href=\"https:\/\/detroitcristorey.org\/es\/academicos\/orientacion-escolar\/\" \/>\n<meta property=\"og:locale\" content=\"es_ES\" \/>\n<meta property=\"og:type\" content=\"article\" \/>\n<meta property=\"og:title\" content=\"Orientaci\u00f3n escolar | Detroit Cristo Rey High School\" \/>\n<meta property=\"og:url\" content=\"https:\/\/detroitcristorey.org\/es\/academicos\/orientacion-escolar\/\" \/>\n<meta property=\"og:site_name\" content=\"Detroit Cristo Rey High School\" \/>\n<meta property=\"article:publisher\" content=\"https:\/\/www.facebook.com\/detcristorey\" \/>\n<meta property=\"article:modified_time\" content=\"2025-07-29T20:09:37+00:00\" \/>\n<meta property=\"og:image\" content=\"https:\/\/detroitcristorey.org\/wp-content\/uploads\/2023\/12\/CristoReyLogo_REV_yellow_062721_TSTW_y_nobackground.webp\" \/>\n\t<meta property=\"og:image:width\" content=\"1200\" \/>\n\t<meta property=\"og:image:height\" content=\"900\" \/>\n\t<meta property=\"og:image:type\" content=\"image\/webp\" \/>\n<meta name=\"twitter:card\" content=\"summary_large_image\" \/>\n<meta name=\"twitter:label1\" content=\"Tiempo de lectura\" \/>\n\t<meta name=\"twitter:data1\" content=\"13 minutos\" \/>\n<script type=\"application\/ld+json\" class=\"yoast-schema-graph\">{\"@context\":\"https:\\\/\\\/schema.org\",\"@graph\":[{\"@type\":\"WebPage\",\"@id\":\"https:\\\/\\\/detroitcristorey.org\\\/es\\\/academicos\\\/orientacion-escolar\\\/\",\"url\":\"https:\\\/\\\/detroitcristorey.org\\\/es\\\/academicos\\\/orientacion-escolar\\\/\",\"name\":\"Orientaci\u00f3n escolar | Detroit Cristo Rey High School\",\"isPartOf\":{\"@id\":\"https:\\\/\\\/detroitcristorey.org\\\/#website\"},\"datePublished\":\"2023-08-17T17:42:28+00:00\",\"dateModified\":\"2025-07-29T20:09:37+00:00\",\"breadcrumb\":{\"@id\":\"https:\\\/\\\/detroitcristorey.org\\\/es\\\/academicos\\\/orientacion-escolar\\\/#breadcrumb\"},\"inLanguage\":\"es\",\"potentialAction\":[{\"@type\":\"ReadAction\",\"target\":[\"https:\\\/\\\/detroitcristorey.org\\\/es\\\/academicos\\\/orientacion-escolar\\\/\"]}]},{\"@type\":\"BreadcrumbList\",\"@id\":\"https:\\\/\\\/detroitcristorey.org\\\/es\\\/academicos\\\/orientacion-escolar\\\/#breadcrumb\",\"itemListElement\":[{\"@type\":\"ListItem\",\"position\":1,\"name\":\"Home\",\"item\":\"https:\\\/\\\/detroitcristorey.org\\\/es\\\/inicio\\\/\"},{\"@type\":\"ListItem\",\"position\":2,\"name\":\"Acad\u00e9micos\",\"item\":\"https:\\\/\\\/detroitcristorey.org\\\/es\\\/academicos\\\/\"},{\"@type\":\"ListItem\",\"position\":3,\"name\":\"Orientaci\u00f3n escolar\"}]},{\"@type\":\"WebSite\",\"@id\":\"https:\\\/\\\/detroitcristorey.org\\\/#website\",\"url\":\"https:\\\/\\\/detroitcristorey.org\\\/\",\"name\":\"Detroit Cristo Rey High School\",\"description\":\"The School that Works!\",\"publisher\":{\"@id\":\"https:\\\/\\\/detroitcristorey.org\\\/#organization\"},\"potentialAction\":[{\"@type\":\"SearchAction\",\"target\":{\"@type\":\"EntryPoint\",\"urlTemplate\":\"https:\\\/\\\/detroitcristorey.org\\\/?s={search_term_string}\"},\"query-input\":{\"@type\":\"PropertyValueSpecification\",\"valueRequired\":true,\"valueName\":\"search_term_string\"}}],\"inLanguage\":\"es\"},{\"@type\":\"Organization\",\"@id\":\"https:\\\/\\\/detroitcristorey.org\\\/#organization\",\"name\":\"Detroit Cristo Rey High School\",\"url\":\"https:\\\/\\\/detroitcristorey.org\\\/\",\"logo\":{\"@type\":\"ImageObject\",\"inLanguage\":\"es\",\"@id\":\"https:\\\/\\\/detroitcristorey.org\\\/#\\\/schema\\\/logo\\\/image\\\/\",\"url\":\"https:\\\/\\\/detroitcristorey.org\\\/wp-content\\\/uploads\\\/2023\\\/12\\\/CristoReyLogo_REV_yellow_062721_TSTW_y_nobackground.png\",\"contentUrl\":\"https:\\\/\\\/detroitcristorey.org\\\/wp-content\\\/uploads\\\/2023\\\/12\\\/CristoReyLogo_REV_yellow_062721_TSTW_y_nobackground.png\",\"width\":1200,\"height\":900,\"caption\":\"Detroit Cristo Rey High School\"},\"image\":{\"@id\":\"https:\\\/\\\/detroitcristorey.org\\\/#\\\/schema\\\/logo\\\/image\\\/\"},\"sameAs\":[\"https:\\\/\\\/www.facebook.com\\\/detcristorey\",\"https:\\\/\\\/www.linkedin.com\\\/school\\\/detroit-cristo-rey-high-school\\\/\",\"https:\\\/\\\/www.instagram.com\\\/detroitcristoreyhighschool\\\/\"]}]}<\/script>\n<!-- \/ Yoast SEO plugin. -->","yoast_head_json":{"title":"Orientaci\u00f3n escolar | Detroit Cristo Rey High School","robots":{"index":"index","follow":"follow","max-snippet":"max-snippet:-1","max-image-preview":"max-image-preview:large","max-video-preview":"max-video-preview:-1"},"canonical":"https:\/\/detroitcristorey.org\/es\/academicos\/orientacion-escolar\/","og_locale":"es_ES","og_type":"article","og_title":"Orientaci\u00f3n escolar | Detroit Cristo Rey High School","og_url":"https:\/\/detroitcristorey.org\/es\/academicos\/orientacion-escolar\/","og_site_name":"Detroit Cristo Rey High School","article_publisher":"https:\/\/www.facebook.com\/detcristorey","article_modified_time":"2025-07-29T20:09:37+00:00","og_image":[{"width":1200,"height":900,"url":"https:\/\/detroitcristorey.org\/wp-content\/uploads\/2023\/12\/CristoReyLogo_REV_yellow_062721_TSTW_y_nobackground.webp","type":"image\/webp"}],"twitter_card":"summary_large_image","twitter_misc":{"Tiempo de lectura":"13 minutos"},"schema":{"@context":"https:\/\/schema.org","@graph":[{"@type":"WebPage","@id":"https:\/\/detroitcristorey.org\/es\/academicos\/orientacion-escolar\/","url":"https:\/\/detroitcristorey.org\/es\/academicos\/orientacion-escolar\/","name":"Orientaci\u00f3n escolar | Detroit Cristo Rey High School","isPartOf":{"@id":"https:\/\/detroitcristorey.org\/#website"},"datePublished":"2023-08-17T17:42:28+00:00","dateModified":"2025-07-29T20:09:37+00:00","breadcrumb":{"@id":"https:\/\/detroitcristorey.org\/es\/academicos\/orientacion-escolar\/#breadcrumb"},"inLanguage":"es","potentialAction":[{"@type":"ReadAction","target":["https:\/\/detroitcristorey.org\/es\/academicos\/orientacion-escolar\/"]}]},{"@type":"BreadcrumbList","@id":"https:\/\/detroitcristorey.org\/es\/academicos\/orientacion-escolar\/#breadcrumb","itemListElement":[{"@type":"ListItem","position":1,"name":"Home","item":"https:\/\/detroitcristorey.org\/es\/inicio\/"},{"@type":"ListItem","position":2,"name":"Acad\u00e9micos","item":"https:\/\/detroitcristorey.org\/es\/academicos\/"},{"@type":"ListItem","position":3,"name":"Orientaci\u00f3n escolar"}]},{"@type":"WebSite","@id":"https:\/\/detroitcristorey.org\/#website","url":"https:\/\/detroitcristorey.org\/","name":"Detroit Cristo Rey High School","description":"The School that Works!","publisher":{"@id":"https:\/\/detroitcristorey.org\/#organization"},"potentialAction":[{"@type":"SearchAction","target":{"@type":"EntryPoint","urlTemplate":"https:\/\/detroitcristorey.org\/?s={search_term_string}"},"query-input":{"@type":"PropertyValueSpecification","valueRequired":true,"valueName":"search_term_string"}}],"inLanguage":"es"},{"@type":"Organization","@id":"https:\/\/detroitcristorey.org\/#organization","name":"Detroit Cristo Rey High School","url":"https:\/\/detroitcristorey.org\/","logo":{"@type":"ImageObject","inLanguage":"es","@id":"https:\/\/detroitcristorey.org\/#\/schema\/logo\/image\/","url":"https:\/\/detroitcristorey.org\/wp-content\/uploads\/2023\/12\/CristoReyLogo_REV_yellow_062721_TSTW_y_nobackground.png","contentUrl":"https:\/\/detroitcristorey.org\/wp-content\/uploads\/2023\/12\/CristoReyLogo_REV_yellow_062721_TSTW_y_nobackground.png","width":1200,"height":900,"caption":"Detroit Cristo Rey High School"},"image":{"@id":"https:\/\/detroitcristorey.org\/#\/schema\/logo\/image\/"},"sameAs":["https:\/\/www.facebook.com\/detcristorey","https:\/\/www.linkedin.com\/school\/detroit-cristo-rey-high-school\/","https:\/\/www.instagram.com\/detroitcristoreyhighschool\/"]}]}},"_links":{"self":[{"href":"https:\/\/detroitcristorey.org\/es\/wp-json\/wp\/v2\/pages\/387","targetHints":{"allow":["GET"]}}],"collection":[{"href":"https:\/\/detroitcristorey.org\/es\/wp-json\/wp\/v2\/pages"}],"about":[{"href":"https:\/\/detroitcristorey.org\/es\/wp-json\/wp\/v2\/types\/page"}],"author":[{"embeddable":true,"href":"https:\/\/detroitcristorey.org\/es\/wp-json\/wp\/v2\/users\/1"}],"replies":[{"embeddable":true,"href":"https:\/\/detroitcristorey.org\/es\/wp-json\/wp\/v2\/comments?post=387"}],"version-history":[{"count":0,"href":"https:\/\/detroitcristorey.org\/es\/wp-json\/wp\/v2\/pages\/387\/revisions"}],"up":[{"embeddable":true,"href":"https:\/\/detroitcristorey.org\/es\/wp-json\/wp\/v2\/pages\/373"}],"wp:attachment":[{"href":"https:\/\/detroitcristorey.org\/es\/wp-json\/wp\/v2\/media?parent=387"}],"curies":[{"name":"wp","href":"https:\/\/api.w.org\/{rel}","templated":true}]}}