{"id":374,"date":"2023-08-17T13:24:53","date_gmt":"2023-08-17T17:24:53","guid":{"rendered":"https:\/\/detroitcristor.wpengine.com\/carreras-profesionales\/"},"modified":"2025-12-09T17:56:51","modified_gmt":"2025-12-09T22:56:51","slug":"carreras-profesionales","status":"publish","type":"page","link":"https:\/\/detroitcristorey.org\/es\/acerca-de\/carreras-profesionales\/","title":{"rendered":"Carreras profesionales"},"content":{"rendered":"<p><div class=\"fusion-fullwidth fullwidth-box fusion-builder-row-1 fusion-flex-container has-pattern-background has-mask-background fusion-parallax-none hundred-percent-fullwidth non-hundred-percent-height-scrolling\" style=\"--awb-background-position-medium:center center;--awb-background-position-small:center center;--awb-background-blend-mode:overlay;--awb-border-radius-top-left:0px;--awb-border-radius-top-right:0px;--awb-border-radius-bottom-right:0px;--awb-border-radius-bottom-left:0px;--awb-padding-top:0px;--awb-padding-bottom:0px;--awb-padding-top-medium:0px;--awb-padding-top-small:0px;--awb-margin-bottom:0px;--awb-background-color:rgba(13,13,13,0.25);--awb-background-image:url(&quot;https:\/\/detroitcristorey.org\/wp-content\/uploads\/2024\/09\/breakfast-with-purpose-background.png&quot;);--awb-background-size:cover;--awb-flex-wrap:wrap;\" ><div class=\"fusion-builder-row fusion-row fusion-flex-align-items-flex-start fusion-flex-content-wrap\" style=\"width:104% !important;max-width:104% !important;margin-left: calc(-4% \/ 2 );margin-right: calc(-4% \/ 2 );\"><div class=\"fusion-layout-column fusion_builder_column fusion-builder-column-0 fusion_builder_column_1_1 1_1 fusion-flex-column\" style=\"--awb-padding-top:60px;--awb-bg-size:cover;--awb-width-large:100%;--awb-margin-top-large:0px;--awb-spacing-right-large:1.92%;--awb-margin-bottom-large:0px;--awb-spacing-left-large:1.92%;--awb-width-medium:100%;--awb-order-medium:0;--awb-spacing-right-medium:1.92%;--awb-spacing-left-medium:1.92%;--awb-width-small:100%;--awb-order-small:0;--awb-spacing-right-small:1.92%;--awb-spacing-left-small:1.92%;\" data-scroll-devices=\"small-visibility,medium-visibility,large-visibility\"><div class=\"fusion-column-wrapper fusion-column-has-shadow fusion-flex-justify-content-flex-start fusion-content-layout-column\"><div class=\"fusion-title title fusion-title-1 fusion-sep-none fusion-title-center fusion-title-text fusion-title-size-five\" style=\"--awb-text-color:var(--awb-color7);--awb-margin-bottom:0px;--awb-margin-top-small:10px;--awb-margin-right-small:0px;--awb-margin-bottom-small:10px;--awb-margin-left-small:0px;\"><h5 class=\"fusion-title-heading title-heading-center\" style=\"margin:0;\">ACERCA DE<\/h5><\/div><div class=\"fusion-title title fusion-title-2 fusion-sep-none fusion-title-center fusion-title-text fusion-title-size-one\" style=\"--awb-text-color:var(--awb-color1);--awb-margin-top:5px;--awb-margin-bottom:60px;--awb-margin-top-small:10px;--awb-margin-right-small:0px;--awb-margin-bottom-small:60px;--awb-margin-left-small:0px;--awb-margin-bottom-medium:60px;\"><h1 class=\"fusion-title-heading title-heading-center\" style=\"margin:0;\">Carreras profesionales<\/h1><\/div><div class=\"fusion-section-separator section-separator big-half-circle fusion-section-separator-1\" style=\"--awb-spacer-height:110px;--awb-svg-margin-left:1.92%;--awb-svg-margin-right:1.92%;--awb-svg-margin-left-medium:1.92%;--awb-svg-margin-right-medium:1.92%;--awb-svg-margin-left-small:1.92%;--awb-svg-margin-right-small:1.92%;--awb-divider-height:110px;--awb-spacer-padding-top:inherit;--awb-divider-height-medium:80px;--awb-spacer-height-medium:80px;--awb-divider-height-small:50px;--awb-spacer-height-small:50px;--awb-sep-padding:0;--awb-svg-padding:0;--awb-margin-top:0px;--awb-margin-bottom:0px;\"><div class=\"fusion-section-separator-svg\"><svg class=\"fusion-big-half-circle-candy\" xmlns=\"http:\/\/www.w3.org\/2000\/svg\" version=\"1.1\" width=\"100%\" height=\"100\" viewBox=\"0 0 100 100\" preserveAspectRatio=\"none\" fill=\"rgba(255,255,255,1)\"><path d=\"M0 100 C40 0 60 0 100 100 Z\"><\/path><\/svg><\/div><div class=\"fusion-section-separator-spacer\"><div class=\"fusion-section-separator-spacer-height\"><\/div><\/div><\/div><\/div><\/div><\/div><\/div><div class=\"fusion-fullwidth fullwidth-box fusion-builder-row-2 fusion-flex-container has-pattern-background has-mask-background nonhundred-percent-fullwidth non-hundred-percent-height-scrolling\" style=\"--awb-border-radius-top-left:0px;--awb-border-radius-top-right:0px;--awb-border-radius-bottom-right:0px;--awb-border-radius-bottom-left:0px;--awb-padding-top:0px;--awb-padding-right:50px;--awb-padding-bottom:25px;--awb-padding-left:50px;--awb-margin-top:0px;--awb-flex-wrap:wrap;\" ><div class=\"fusion-builder-row fusion-row fusion-flex-align-items-flex-start fusion-flex-content-wrap\" style=\"max-width:1248px;margin-left: calc(-4% \/ 2 );margin-right: calc(-4% \/ 2 );\"><div class=\"fusion-layout-column fusion_builder_column fusion-builder-column-1 fusion_builder_column_1_1 1_1 fusion-flex-column\" style=\"--awb-bg-size:cover;--awb-width-large:100%;--awb-margin-top-large:0px;--awb-spacing-right-large:1.92%;--awb-margin-bottom-large:30px;--awb-spacing-left-large:1.92%;--awb-width-medium:100%;--awb-order-medium:0;--awb-spacing-right-medium:1.92%;--awb-spacing-left-medium:1.92%;--awb-width-small:100%;--awb-order-small:0;--awb-spacing-right-small:1.92%;--awb-spacing-left-small:1.92%;\" data-scroll-devices=\"small-visibility,medium-visibility,large-visibility\"><div class=\"fusion-column-wrapper fusion-column-has-shadow fusion-flex-justify-content-flex-start fusion-content-layout-column\"><div class=\"fusion-title title fusion-title-3 fusion-sep-none fusion-title-center fusion-title-text fusion-title-size-two\" style=\"--awb-margin-top-small:10px;--awb-margin-right-small:0px;--awb-margin-bottom-small:10px;--awb-margin-left-small:0px;\"><h2 class=\"fusion-title-heading title-heading-center\" style=\"margin:0;\">Oportunidades de empleo<br \/>\nen Detroit Cristo Rey<\/h2><\/div><\/div><\/div><div class=\"fusion-layout-column fusion_builder_column fusion-builder-column-2 fusion_builder_column_1_2 1_2 fusion-flex-column\" style=\"--awb-bg-size:cover;--awb-width-large:50%;--awb-margin-top-large:0px;--awb-spacing-right-large:9.6%;--awb-margin-bottom-large:20px;--awb-spacing-left-large:3.84%;--awb-width-medium:50%;--awb-order-medium:0;--awb-spacing-right-medium:9.6%;--awb-spacing-left-medium:3.84%;--awb-width-small:100%;--awb-order-small:0;--awb-spacing-right-small:1.92%;--awb-spacing-left-small:1.92%;\" data-scroll-devices=\"small-visibility,medium-visibility,large-visibility\"><div class=\"fusion-column-wrapper fusion-column-has-shadow fusion-flex-justify-content-flex-start fusion-content-layout-column\"><div class=\"fusion-text fusion-text-1\"><p class=\"intro-paragraph\"><span class=\"fusion-dropcap dropcap\" style=\"--awb-color:var(--awb-color4);\">D<\/span>etroit Cristo Rey High School ofrece una excelente educaci\u00f3n secundaria cat\u00f3lica preparatoria para la universidad, seg\u00fan el modelo Cristo Rey, a estudiantes de escasos recursos econ\u00f3micos de Detroit.<\/p>\n<p>La escuela hace hincapi\u00e9 en la fe, la moral y el servicio a la comunidad. A trav\u00e9s de su Programa de Capacitaci\u00f3n Corporativa, la escuela fomenta habilidades y actitudes importantes en el lugar de trabajo, como la responsabilidad, la determinaci\u00f3n y el respeto por uno mismo y por los dem\u00e1s.<\/p>\n<p>Siguiendo la mejor tradici\u00f3n cat\u00f3lica, acogemos a familias de todas las confesiones. Con un programa de preparaci\u00f3n para la universidad exigente y de apoyo, dotamos a los estudiantes de los conocimientos y competencias b\u00e1sicos necesarios para la universidad y el lugar de trabajo. Nuestro objetivo final es que los alumnos adquieran las habilidades necesarias para tener \u00e9xito en la vida y el compromiso de marcar la diferencia en sus familias, sus barrios y el mundo.<\/p>\n<p>Detroit Cristo Rey High School es un empleador que ofrece igualdad de oportunidades y que busca activamente empleados que reflejen y apoyen la misi\u00f3n de la escuela: permitir que cada estudiante adquiera las habilidades y los conocimientos necesarios para tener \u00e9xito en la vida y el compromiso de marcar la diferencia en sus familias, sus barrios y el mundo.<\/p>\n<p>La pol\u00edtica del DCRHS es ofrecer igualdad de oportunidades de empleo y contratar, promocionar y retener a los empleados sin tener en cuenta la raza, el color, la religi\u00f3n, el sexo, el<span style=\"color: #000000;\"> origen nacional o \u00e9tnico, la edad, la altura, el peso, el estado civil, el embarazo, la informaci\u00f3n gen\u00e9tica, la discapacidad, el servicio militar o cualquier otra clasificaci\u00f3n protegida seg\u00fan lo exija la ley estatal o federal aplicable.<\/span><\/p>\n<\/div><\/div><\/div><div class=\"fusion-layout-column fusion_builder_column fusion-builder-column-3 fusion_builder_column_1_2 1_2 fusion-flex-column\" style=\"--awb-padding-top:50px;--awb-padding-right:50px;--awb-padding-bottom:50px;--awb-padding-left:50px;--awb-overflow:hidden;--awb-bg-size:cover;--awb-border-color:var(--awb-color4);--awb-border-top:4px;--awb-border-right:4px;--awb-border-bottom:4px;--awb-border-left:4px;--awb-border-style:solid;--awb-border-radius:25px 25px 25px 25px;--awb-width-large:50%;--awb-margin-top-large:0px;--awb-spacing-right-large:3.84%;--awb-margin-bottom-large:20px;--awb-spacing-left-large:3.84%;--awb-width-medium:50%;--awb-order-medium:0;--awb-spacing-right-medium:3.84%;--awb-spacing-left-medium:3.84%;--awb-width-small:100%;--awb-order-small:0;--awb-spacing-right-small:1.92%;--awb-spacing-left-small:1.92%;\" data-scroll-devices=\"small-visibility,medium-visibility,large-visibility\"><div class=\"fusion-column-wrapper fusion-column-has-shadow fusion-flex-justify-content-flex-start fusion-content-layout-column\"><!-- Start of job widgets code. DO NOT DELETE --><script src=\"https:\/\/workforcenow.adp.com\/mascsr\/default\/mdf\/recwebcomponents\/recruitment\/main-config\/recruitment.js\"><\/script><recruitment-current-openings cid=\"753e79e1-b440-402c-b009-1d4ba4487465\" ccid=\"19000101_000003\" host=\"DP\" locale=\"en_US\"><\/recruitment-current-openings><!-- End of job widgets code --><div style=\"text-align:center;\"><a class=\"fusion-button button-flat fusion-button-default-size button-default fusion-button-default button-1 fusion-button-default-span fusion-button-default-type\" style=\"--awb-margin-top:50px;\" target=\"_blank\" rel=\"noopener noreferrer\" href=\"https:\/\/workforcenow.adp.com\/mascsr\/default\/mdf\/recruitment\/recruitment.html?cid=753e79e1-b440-402c-b009-1d4ba4487465&amp;ccId=19000101_000001&amp;lang=en_US\"><span class=\"fusion-button-text awb-button__text awb-button__text--default\">ver ofertas de empleo actuales<\/span><i class=\"fa-angle-right fas awb-button__icon awb-button__icon--default button-icon-right\" aria-hidden=\"true\"><\/i><\/a><\/div><\/div><\/div><\/div><\/div><div class=\"fusion-fullwidth fullwidth-box fusion-builder-row-3 fusion-flex-container has-pattern-background has-mask-background nonhundred-percent-fullwidth non-hundred-percent-height-scrolling\" style=\"--awb-border-radius-top-left:0px;--awb-border-radius-top-right:0px;--awb-border-radius-bottom-right:0px;--awb-border-radius-bottom-left:0px;--awb-padding-top:50px;--awb-padding-bottom:50px;--awb-background-color:var(--awb-color2);--awb-flex-wrap:wrap;\" ><div class=\"fusion-builder-row fusion-row fusion-flex-align-items-flex-start fusion-flex-content-wrap\" style=\"max-width:1248px;margin-left: calc(-4% \/ 2 );margin-right: calc(-4% \/ 2 );\"><div class=\"fusion-layout-column fusion_builder_column fusion-builder-column-4 fusion_builder_column_1_1 1_1 fusion-flex-column\" style=\"--awb-bg-size:cover;--awb-width-large:100%;--awb-margin-top-large:0px;--awb-spacing-right-large:1.92%;--awb-margin-bottom-large:20px;--awb-spacing-left-large:1.92%;--awb-width-medium:100%;--awb-order-medium:0;--awb-spacing-right-medium:1.92%;--awb-spacing-left-medium:1.92%;--awb-width-small:100%;--awb-order-small:0;--awb-spacing-right-small:1.92%;--awb-spacing-left-small:1.92%;\"><div class=\"fusion-column-wrapper fusion-column-has-shadow fusion-flex-justify-content-flex-start fusion-content-layout-column\"><div class=\"fusion-title title fusion-title-4 fusion-sep-none fusion-title-center fusion-title-text fusion-title-size-two\" style=\"--awb-margin-bottom:30px;--awb-margin-top-small:10px;--awb-margin-right-small:0px;--awb-margin-bottom-small:10px;--awb-margin-left-small:0px;\"><h2 class=\"fusion-title-heading title-heading-center\" style=\"margin:0;\">\u00bfPor qu\u00e9 elegir una carrera en la Red Cristo Rey?<\/h2><\/div><\/div><\/div><div class=\"fusion-layout-column fusion_builder_column fusion-builder-column-5 fusion_builder_column_1_2 1_2 fusion-flex-column\" style=\"--awb-bg-size:cover;--awb-width-large:50%;--awb-margin-top-large:0px;--awb-spacing-right-large:3.84%;--awb-margin-bottom-large:20px;--awb-spacing-left-large:3.84%;--awb-width-medium:50%;--awb-order-medium:0;--awb-spacing-right-medium:3.84%;--awb-spacing-left-medium:3.84%;--awb-width-small:100%;--awb-order-small:0;--awb-spacing-right-small:1.92%;--awb-margin-bottom-small:50px;--awb-spacing-left-small:1.92%;\"><div class=\"fusion-column-wrapper fusion-column-has-shadow fusion-flex-justify-content-flex-start fusion-content-layout-column\"><div class=\"fusion-video fusion-youtube\" style=\"--awb-max-width:600px;--awb-max-height:360px;--awb-align-self:center;--awb-width:100%;\"><div class=\"video-shortcode\"><div class=\"fluid-width-video-wrapper\" style=\"padding-top:60%;\" ><iframe title=\"YouTube video player 1\" src=\"https:\/\/www.youtube.com\/embed\/_t1LqL5aOVI?wmode=transparent&autoplay=0&amp;rel=0\" width=\"600\" height=\"360\" allowfullscreen allow=\"autoplay; clipboard-write; encrypted-media; gyroscope; picture-in-picture;\"><\/iframe><\/div><\/div><\/div><\/div><\/div><div class=\"fusion-layout-column fusion_builder_column fusion-builder-column-6 fusion_builder_column_1_2 1_2 fusion-flex-column\" style=\"--awb-bg-size:cover;--awb-width-large:50%;--awb-margin-top-large:0px;--awb-spacing-right-large:3.84%;--awb-margin-bottom-large:20px;--awb-spacing-left-large:3.84%;--awb-width-medium:50%;--awb-order-medium:0;--awb-spacing-right-medium:3.84%;--awb-spacing-left-medium:3.84%;--awb-width-small:100%;--awb-order-small:0;--awb-spacing-right-small:1.92%;--awb-spacing-left-small:1.92%;\"><div class=\"fusion-column-wrapper fusion-column-has-shadow fusion-flex-justify-content-flex-start fusion-content-layout-column\"><div class=\"fusion-video fusion-youtube\" style=\"--awb-max-width:600px;--awb-max-height:360px;--awb-align-self:center;--awb-width:100%;\"><div class=\"video-shortcode\"><div class=\"fluid-width-video-wrapper\" style=\"padding-top:60%;\" ><iframe title=\"YouTube video player 2\" src=\"https:\/\/www.youtube.com\/embed\/WFDQKQXbHeg?wmode=transparent&autoplay=0&amp;rel=0\" width=\"600\" height=\"360\" allowfullscreen allow=\"autoplay; clipboard-write; encrypted-media; gyroscope; picture-in-picture;\"><\/iframe><\/div><\/div><\/div><\/div><\/div><\/div><\/div><\/p>\n","protected":false},"excerpt":{"rendered":"","protected":false},"author":1,"featured_media":0,"parent":385,"menu_order":0,"comment_status":"closed","ping_status":"closed","template":"100-width.php","meta":{"footnotes":""},"class_list":["post-374","page","type-page","status-publish","hentry"],"yoast_head":"<!-- This site is optimized with the Yoast SEO plugin v27.4 - https:\/\/yoast.com\/product\/yoast-seo-wordpress\/ -->\n<title>Carreras profesionales | Detroit Cristo Rey High School<\/title>\n<meta name=\"robots\" content=\"index, follow, max-snippet:-1, max-image-preview:large, max-video-preview:-1\" \/>\n<link rel=\"canonical\" href=\"https:\/\/detroitcristorey.org\/es\/acerca-de\/carreras-profesionales\/\" \/>\n<meta property=\"og:locale\" content=\"es_ES\" \/>\n<meta property=\"og:type\" content=\"article\" \/>\n<meta property=\"og:title\" content=\"Carreras profesionales | Detroit Cristo Rey High School\" \/>\n<meta property=\"og:url\" content=\"https:\/\/detroitcristorey.org\/es\/acerca-de\/carreras-profesionales\/\" \/>\n<meta property=\"og:site_name\" content=\"Detroit Cristo Rey High School\" \/>\n<meta property=\"article:publisher\" content=\"https:\/\/www.facebook.com\/detcristorey\" \/>\n<meta property=\"article:modified_time\" content=\"2025-12-09T22:56:51+00:00\" \/>\n<meta property=\"og:image\" content=\"https:\/\/detroitcristorey.org\/wp-content\/uploads\/2023\/12\/CristoReyLogo_REV_yellow_062721_TSTW_y_nobackground.webp\" \/>\n\t<meta property=\"og:image:width\" content=\"1200\" \/>\n\t<meta property=\"og:image:height\" content=\"900\" \/>\n\t<meta property=\"og:image:type\" content=\"image\/webp\" \/>\n<meta name=\"twitter:card\" content=\"summary_large_image\" \/>\n<meta name=\"twitter:label1\" content=\"Tiempo de lectura\" \/>\n\t<meta name=\"twitter:data1\" content=\"21 minutos\" \/>\n<script type=\"application\/ld+json\" class=\"yoast-schema-graph\">{\"@context\":\"https:\\\/\\\/schema.org\",\"@graph\":[{\"@type\":\"WebPage\",\"@id\":\"https:\\\/\\\/detroitcristorey.org\\\/es\\\/acerca-de\\\/carreras-profesionales\\\/\",\"url\":\"https:\\\/\\\/detroitcristorey.org\\\/es\\\/acerca-de\\\/carreras-profesionales\\\/\",\"name\":\"Carreras profesionales | Detroit Cristo Rey High School\",\"isPartOf\":{\"@id\":\"https:\\\/\\\/detroitcristorey.org\\\/#website\"},\"datePublished\":\"2023-08-17T17:24:53+00:00\",\"dateModified\":\"2025-12-09T22:56:51+00:00\",\"breadcrumb\":{\"@id\":\"https:\\\/\\\/detroitcristorey.org\\\/es\\\/acerca-de\\\/carreras-profesionales\\\/#breadcrumb\"},\"inLanguage\":\"es\",\"potentialAction\":[{\"@type\":\"ReadAction\",\"target\":[\"https:\\\/\\\/detroitcristorey.org\\\/es\\\/acerca-de\\\/carreras-profesionales\\\/\"]}]},{\"@type\":\"BreadcrumbList\",\"@id\":\"https:\\\/\\\/detroitcristorey.org\\\/es\\\/acerca-de\\\/carreras-profesionales\\\/#breadcrumb\",\"itemListElement\":[{\"@type\":\"ListItem\",\"position\":1,\"name\":\"Home\",\"item\":\"https:\\\/\\\/detroitcristorey.org\\\/es\\\/inicio\\\/\"},{\"@type\":\"ListItem\",\"position\":2,\"name\":\"Acerca de\",\"item\":\"https:\\\/\\\/detroitcristorey.org\\\/es\\\/acerca-de\\\/\"},{\"@type\":\"ListItem\",\"position\":3,\"name\":\"Carreras profesionales\"}]},{\"@type\":\"WebSite\",\"@id\":\"https:\\\/\\\/detroitcristorey.org\\\/#website\",\"url\":\"https:\\\/\\\/detroitcristorey.org\\\/\",\"name\":\"Detroit Cristo Rey High School\",\"description\":\"The School that Works!\",\"publisher\":{\"@id\":\"https:\\\/\\\/detroitcristorey.org\\\/#organization\"},\"potentialAction\":[{\"@type\":\"SearchAction\",\"target\":{\"@type\":\"EntryPoint\",\"urlTemplate\":\"https:\\\/\\\/detroitcristorey.org\\\/?s={search_term_string}\"},\"query-input\":{\"@type\":\"PropertyValueSpecification\",\"valueRequired\":true,\"valueName\":\"search_term_string\"}}],\"inLanguage\":\"es\"},{\"@type\":\"Organization\",\"@id\":\"https:\\\/\\\/detroitcristorey.org\\\/#organization\",\"name\":\"Detroit Cristo Rey High School\",\"url\":\"https:\\\/\\\/detroitcristorey.org\\\/\",\"logo\":{\"@type\":\"ImageObject\",\"inLanguage\":\"es\",\"@id\":\"https:\\\/\\\/detroitcristorey.org\\\/#\\\/schema\\\/logo\\\/image\\\/\",\"url\":\"https:\\\/\\\/detroitcristorey.org\\\/wp-content\\\/uploads\\\/2023\\\/12\\\/CristoReyLogo_REV_yellow_062721_TSTW_y_nobackground.png\",\"contentUrl\":\"https:\\\/\\\/detroitcristorey.org\\\/wp-content\\\/uploads\\\/2023\\\/12\\\/CristoReyLogo_REV_yellow_062721_TSTW_y_nobackground.png\",\"width\":1200,\"height\":900,\"caption\":\"Detroit Cristo Rey High School\"},\"image\":{\"@id\":\"https:\\\/\\\/detroitcristorey.org\\\/#\\\/schema\\\/logo\\\/image\\\/\"},\"sameAs\":[\"https:\\\/\\\/www.facebook.com\\\/detcristorey\",\"https:\\\/\\\/www.linkedin.com\\\/school\\\/detroit-cristo-rey-high-school\\\/\",\"https:\\\/\\\/www.instagram.com\\\/detroitcristoreyhighschool\\\/\"]}]}<\/script>\n<!-- \/ Yoast SEO plugin. -->","yoast_head_json":{"title":"Carreras profesionales | Detroit Cristo Rey High School","robots":{"index":"index","follow":"follow","max-snippet":"max-snippet:-1","max-image-preview":"max-image-preview:large","max-video-preview":"max-video-preview:-1"},"canonical":"https:\/\/detroitcristorey.org\/es\/acerca-de\/carreras-profesionales\/","og_locale":"es_ES","og_type":"article","og_title":"Carreras profesionales | Detroit Cristo Rey High School","og_url":"https:\/\/detroitcristorey.org\/es\/acerca-de\/carreras-profesionales\/","og_site_name":"Detroit Cristo Rey High School","article_publisher":"https:\/\/www.facebook.com\/detcristorey","article_modified_time":"2025-12-09T22:56:51+00:00","og_image":[{"width":1200,"height":900,"url":"https:\/\/detroitcristorey.org\/wp-content\/uploads\/2023\/12\/CristoReyLogo_REV_yellow_062721_TSTW_y_nobackground.webp","type":"image\/webp"}],"twitter_card":"summary_large_image","twitter_misc":{"Tiempo de lectura":"21 minutos"},"schema":{"@context":"https:\/\/schema.org","@graph":[{"@type":"WebPage","@id":"https:\/\/detroitcristorey.org\/es\/acerca-de\/carreras-profesionales\/","url":"https:\/\/detroitcristorey.org\/es\/acerca-de\/carreras-profesionales\/","name":"Carreras profesionales | Detroit Cristo Rey High School","isPartOf":{"@id":"https:\/\/detroitcristorey.org\/#website"},"datePublished":"2023-08-17T17:24:53+00:00","dateModified":"2025-12-09T22:56:51+00:00","breadcrumb":{"@id":"https:\/\/detroitcristorey.org\/es\/acerca-de\/carreras-profesionales\/#breadcrumb"},"inLanguage":"es","potentialAction":[{"@type":"ReadAction","target":["https:\/\/detroitcristorey.org\/es\/acerca-de\/carreras-profesionales\/"]}]},{"@type":"BreadcrumbList","@id":"https:\/\/detroitcristorey.org\/es\/acerca-de\/carreras-profesionales\/#breadcrumb","itemListElement":[{"@type":"ListItem","position":1,"name":"Home","item":"https:\/\/detroitcristorey.org\/es\/inicio\/"},{"@type":"ListItem","position":2,"name":"Acerca de","item":"https:\/\/detroitcristorey.org\/es\/acerca-de\/"},{"@type":"ListItem","position":3,"name":"Carreras profesionales"}]},{"@type":"WebSite","@id":"https:\/\/detroitcristorey.org\/#website","url":"https:\/\/detroitcristorey.org\/","name":"Detroit Cristo Rey High School","description":"The School that Works!","publisher":{"@id":"https:\/\/detroitcristorey.org\/#organization"},"potentialAction":[{"@type":"SearchAction","target":{"@type":"EntryPoint","urlTemplate":"https:\/\/detroitcristorey.org\/?s={search_term_string}"},"query-input":{"@type":"PropertyValueSpecification","valueRequired":true,"valueName":"search_term_string"}}],"inLanguage":"es"},{"@type":"Organization","@id":"https:\/\/detroitcristorey.org\/#organization","name":"Detroit Cristo Rey High School","url":"https:\/\/detroitcristorey.org\/","logo":{"@type":"ImageObject","inLanguage":"es","@id":"https:\/\/detroitcristorey.org\/#\/schema\/logo\/image\/","url":"https:\/\/detroitcristorey.org\/wp-content\/uploads\/2023\/12\/CristoReyLogo_REV_yellow_062721_TSTW_y_nobackground.png","contentUrl":"https:\/\/detroitcristorey.org\/wp-content\/uploads\/2023\/12\/CristoReyLogo_REV_yellow_062721_TSTW_y_nobackground.png","width":1200,"height":900,"caption":"Detroit Cristo Rey High School"},"image":{"@id":"https:\/\/detroitcristorey.org\/#\/schema\/logo\/image\/"},"sameAs":["https:\/\/www.facebook.com\/detcristorey","https:\/\/www.linkedin.com\/school\/detroit-cristo-rey-high-school\/","https:\/\/www.instagram.com\/detroitcristoreyhighschool\/"]}]}},"_links":{"self":[{"href":"https:\/\/detroitcristorey.org\/es\/wp-json\/wp\/v2\/pages\/374","targetHints":{"allow":["GET"]}}],"collection":[{"href":"https:\/\/detroitcristorey.org\/es\/wp-json\/wp\/v2\/pages"}],"about":[{"href":"https:\/\/detroitcristorey.org\/es\/wp-json\/wp\/v2\/types\/page"}],"author":[{"embeddable":true,"href":"https:\/\/detroitcristorey.org\/es\/wp-json\/wp\/v2\/users\/1"}],"replies":[{"embeddable":true,"href":"https:\/\/detroitcristorey.org\/es\/wp-json\/wp\/v2\/comments?post=374"}],"version-history":[{"count":0,"href":"https:\/\/detroitcristorey.org\/es\/wp-json\/wp\/v2\/pages\/374\/revisions"}],"up":[{"embeddable":true,"href":"https:\/\/detroitcristorey.org\/es\/wp-json\/wp\/v2\/pages\/385"}],"wp:attachment":[{"href":"https:\/\/detroitcristorey.org\/es\/wp-json\/wp\/v2\/media?parent=374"}],"curies":[{"name":"wp","href":"https:\/\/api.w.org\/{rel}","templated":true}]}}