{"id":367,"date":"2023-08-17T13:36:38","date_gmt":"2023-08-17T17:36:38","guid":{"rendered":"https:\/\/detroitcristor.wpengine.com\/ayuda-financiera\/"},"modified":"2023-11-13T14:34:58","modified_gmt":"2023-11-13T19:34:58","slug":"ayuda-financiera","status":"publish","type":"page","link":"https:\/\/detroitcristorey.org\/es\/admisiones\/ayuda-financiera\/","title":{"rendered":"Ayuda financiera"},"content":{"rendered":"<p><div class=\"fusion-fullwidth fullwidth-box fusion-builder-row-1 fusion-flex-container has-pattern-background has-mask-background fusion-parallax-none hundred-percent-fullwidth non-hundred-percent-height-scrolling\" style=\"--awb-background-blend-mode:overlay;--awb-border-radius-top-left:0px;--awb-border-radius-top-right:0px;--awb-border-radius-bottom-right:0px;--awb-border-radius-bottom-left:0px;--awb-padding-top:100px;--awb-padding-bottom:0px;--awb-padding-top-small:30px;--awb-margin-bottom:0px;--awb-background-color:rgba(13,13,13,0.35);--awb-background-image:url(&quot;https:\/\/detroitcristorey.org\/wp-content\/uploads\/2023\/08\/admissions-section-page-title-background-V2.jpg&quot;);--awb-background-size:cover;--awb-flex-wrap:wrap;\" ><div class=\"fusion-builder-row fusion-row fusion-flex-align-items-flex-start fusion-flex-content-wrap\" style=\"width:104% !important;max-width:104% !important;margin-left: calc(-4% \/ 2 );margin-right: calc(-4% \/ 2 );\"><div class=\"fusion-layout-column fusion_builder_column fusion-builder-column-0 fusion_builder_column_1_1 1_1 fusion-flex-column\" style=\"--awb-bg-size:cover;--awb-width-large:100%;--awb-margin-top-large:0px;--awb-spacing-right-large:1.92%;--awb-margin-bottom-large:0px;--awb-spacing-left-large:1.92%;--awb-width-medium:100%;--awb-order-medium:0;--awb-spacing-right-medium:1.92%;--awb-spacing-left-medium:1.92%;--awb-width-small:100%;--awb-order-small:0;--awb-spacing-right-small:1.92%;--awb-spacing-left-small:1.92%;\" data-scroll-devices=\"small-visibility,medium-visibility,large-visibility\"><div class=\"fusion-column-wrapper fusion-column-has-shadow fusion-flex-justify-content-flex-start fusion-content-layout-column\"><div class=\"fusion-title title fusion-title-1 fusion-sep-none fusion-title-center fusion-title-text fusion-title-size-one\" style=\"--awb-text-color:var(--awb-color1);--awb-margin-bottom:70px;--awb-margin-top-small:10px;--awb-margin-right-small:0px;--awb-margin-bottom-small:10px;--awb-margin-left-small:0px;\"><h1 class=\"fusion-title-heading title-heading-center\" style=\"margin:0;\">Ayuda financiera<\/h1><\/div><div class=\"fusion-section-separator section-separator big-half-circle fusion-section-separator-1\" style=\"--awb-spacer-height:120px;--awb-svg-margin-left:1.92%;--awb-svg-margin-right:1.92%;--awb-svg-margin-left-medium:1.92%;--awb-svg-margin-right-medium:1.92%;--awb-svg-margin-left-small:1.92%;--awb-svg-margin-right-small:1.92%;--awb-divider-height:120px;--awb-spacer-padding-top:inherit;--awb-divider-height-medium:90px;--awb-spacer-height-medium:90px;--awb-divider-height-small:60px;--awb-spacer-height-small:60px;--awb-sep-padding:0;--awb-svg-padding:0;--awb-margin-top:0px;--awb-margin-bottom:0px;\"><div class=\"fusion-section-separator-svg\"><svg class=\"fusion-big-half-circle-candy\" xmlns=\"http:\/\/www.w3.org\/2000\/svg\" version=\"1.1\" width=\"100%\" height=\"100\" viewBox=\"0 0 100 100\" preserveAspectRatio=\"none\" fill=\"rgba(255,255,255,1)\"><path d=\"M0 100 C40 0 60 0 100 100 Z\"><\/path><\/svg><\/div><div class=\"fusion-section-separator-spacer\"><div class=\"fusion-section-separator-spacer-height\"><\/div><\/div><\/div><\/div><\/div><\/div><\/div><div class=\"fusion-fullwidth fullwidth-box fusion-builder-row-2 fusion-flex-container has-pattern-background has-mask-background hundred-percent-fullwidth non-hundred-percent-height-scrolling\" style=\"--awb-border-radius-top-left:0px;--awb-border-radius-top-right:0px;--awb-border-radius-bottom-right:0px;--awb-border-radius-bottom-left:0px;--awb-padding-top:50px;--awb-padding-right:100px;--awb-padding-bottom:50px;--awb-padding-left:100px;--awb-margin-top:0px;--awb-flex-wrap:wrap;\" ><div class=\"fusion-builder-row fusion-row fusion-flex-align-items-flex-start fusion-flex-content-wrap\" style=\"width:104% !important;max-width:104% !important;margin-left: calc(-4% \/ 2 );margin-right: calc(-4% \/ 2 );\"><div class=\"fusion-layout-column fusion_builder_column fusion-builder-column-1 fusion_builder_column_1_1 1_1 fusion-flex-column\" style=\"--awb-bg-size:cover;--awb-width-large:100%;--awb-margin-top-large:0px;--awb-spacing-right-large:1.92%;--awb-margin-bottom-large:20px;--awb-spacing-left-large:1.92%;--awb-width-medium:100%;--awb-order-medium:0;--awb-spacing-right-medium:1.92%;--awb-spacing-left-medium:1.92%;--awb-width-small:100%;--awb-order-small:0;--awb-spacing-right-small:1.92%;--awb-spacing-left-small:1.92%;\" data-scroll-devices=\"small-visibility,medium-visibility,large-visibility\"><div class=\"fusion-column-wrapper fusion-column-has-shadow fusion-flex-justify-content-flex-start fusion-content-layout-column\"><div class=\"fusion-title title fusion-title-2 fusion-sep-none fusion-title-text fusion-title-size-two\" style=\"--awb-margin-top-small:10px;--awb-margin-right-small:0px;--awb-margin-bottom-small:10px;--awb-margin-left-small:0px;\"><h2 class=\"fusion-title-heading title-heading-left\" style=\"margin:0;\">Ser\u00e1 un subt\u00edtulo<\/h2><\/div><div class=\"fusion-text fusion-text-1\"><p>Detroit Cristo Rey utiliza un sistema de gesti\u00f3n de matr\u00edcula llamado FACTS. FACTS verificaci\u00f3n financiera debe ser completado en l\u00ednea con el fin de ser considerado para la admisi\u00f3n y la ayuda financiera. FACTS analiza la informaci\u00f3n financiera proporcionada junto con los documentos requeridos para evaluar la necesidad financiera.<\/p>\n<p>Cada Familia debe crear una cuenta en FACTS y completar el proceso de Verificaci\u00f3n Financiera. Para configurar su cuenta, vaya a <a href=\"https:\/\/online.factsmgt.com\/signin\/4L04F\" target=\"_blank\" rel=\"noopener\">https:\/\/online.factsmgt.com\/signin\/4L04F<\/a><\/p>\n<p>La Archidi\u00f3cesis de Detroit (AOD) ofrece ayudas adicionales para la matr\u00edcula a las familias cat\u00f3licas. El AOD tambi\u00e9n utiliza la gesti\u00f3n de FACTS para procesar la solicitud de asistencia de matr\u00edcula para las familias que deseen solicitar la Beca Arquidiocesana de Asistencia de Matr\u00edcula. La disponibilidad de las solicitudes y las fechas l\u00edmite las determina la AOD. Tan pronto como la aplicaci\u00f3n est\u00e9 disponible Detroit Cristo Rey compartir\u00e1 la informaci\u00f3n.<\/p>\n<\/div><\/div><\/div><\/div><\/div><\/p>\n","protected":false},"excerpt":{"rendered":"","protected":false},"author":1,"featured_media":0,"parent":414,"menu_order":0,"comment_status":"closed","ping_status":"closed","template":"100-width.php","meta":{"footnotes":""},"class_list":["post-367","page","type-page","status-publish","hentry"],"yoast_head":"<!-- This site is optimized with the Yoast SEO plugin v27.4 - https:\/\/yoast.com\/product\/yoast-seo-wordpress\/ -->\n<title>Ayuda financiera | Detroit Cristo Rey High School<\/title>\n<meta name=\"robots\" content=\"index, follow, max-snippet:-1, max-image-preview:large, max-video-preview:-1\" \/>\n<link rel=\"canonical\" href=\"https:\/\/detroitcristorey.org\/?page_id=20\" \/>\n<meta property=\"og:locale\" content=\"es_ES\" \/>\n<meta property=\"og:type\" content=\"article\" \/>\n<meta property=\"og:title\" content=\"Ayuda financiera | Detroit Cristo Rey High School\" \/>\n<meta property=\"og:url\" content=\"https:\/\/detroitcristorey.org\/?page_id=20\" \/>\n<meta property=\"og:site_name\" content=\"Detroit Cristo Rey High School\" \/>\n<meta property=\"article:publisher\" content=\"https:\/\/www.facebook.com\/detcristorey\" \/>\n<meta property=\"article:modified_time\" content=\"2023-11-13T19:34:58+00:00\" \/>\n<meta property=\"og:image\" content=\"https:\/\/detroitcristorey.org\/wp-content\/uploads\/2023\/12\/CristoReyLogo_REV_yellow_062721_TSTW_y_nobackground.webp\" \/>\n\t<meta property=\"og:image:width\" content=\"1200\" \/>\n\t<meta property=\"og:image:height\" content=\"900\" \/>\n\t<meta property=\"og:image:type\" content=\"image\/webp\" \/>\n<meta name=\"twitter:card\" content=\"summary_large_image\" \/>\n<meta name=\"twitter:label1\" content=\"Tiempo de lectura\" \/>\n\t<meta name=\"twitter:data1\" content=\"8 minutos\" \/>\n<script type=\"application\/ld+json\" class=\"yoast-schema-graph\">{\"@context\":\"https:\\\/\\\/schema.org\",\"@graph\":[{\"@type\":\"WebPage\",\"@id\":\"https:\\\/\\\/detroitcristorey.org\\\/?page_id=20\",\"url\":\"https:\\\/\\\/detroitcristorey.org\\\/?page_id=20\",\"name\":\"Ayuda financiera | Detroit Cristo Rey High School\",\"isPartOf\":{\"@id\":\"https:\\\/\\\/detroitcristorey.org\\\/#website\"},\"datePublished\":\"2023-08-17T17:36:38+00:00\",\"dateModified\":\"2023-11-13T19:34:58+00:00\",\"breadcrumb\":{\"@id\":\"https:\\\/\\\/detroitcristorey.org\\\/?page_id=20#breadcrumb\"},\"inLanguage\":\"es\",\"potentialAction\":[{\"@type\":\"ReadAction\",\"target\":[\"https:\\\/\\\/detroitcristorey.org\\\/?page_id=20\"]}]},{\"@type\":\"BreadcrumbList\",\"@id\":\"https:\\\/\\\/detroitcristorey.org\\\/?page_id=20#breadcrumb\",\"itemListElement\":[{\"@type\":\"ListItem\",\"position\":1,\"name\":\"Home\",\"item\":\"https:\\\/\\\/detroitcristorey.org\\\/es\\\/inicio\\\/\"},{\"@type\":\"ListItem\",\"position\":2,\"name\":\"Admisiones\",\"item\":\"https:\\\/\\\/detroitcristorey.org\\\/es\\\/admisiones\\\/\"},{\"@type\":\"ListItem\",\"position\":3,\"name\":\"Ayuda financiera\"}]},{\"@type\":\"WebSite\",\"@id\":\"https:\\\/\\\/detroitcristorey.org\\\/#website\",\"url\":\"https:\\\/\\\/detroitcristorey.org\\\/\",\"name\":\"Detroit Cristo Rey High School\",\"description\":\"The School that Works!\",\"publisher\":{\"@id\":\"https:\\\/\\\/detroitcristorey.org\\\/#organization\"},\"potentialAction\":[{\"@type\":\"SearchAction\",\"target\":{\"@type\":\"EntryPoint\",\"urlTemplate\":\"https:\\\/\\\/detroitcristorey.org\\\/?s={search_term_string}\"},\"query-input\":{\"@type\":\"PropertyValueSpecification\",\"valueRequired\":true,\"valueName\":\"search_term_string\"}}],\"inLanguage\":\"es\"},{\"@type\":\"Organization\",\"@id\":\"https:\\\/\\\/detroitcristorey.org\\\/#organization\",\"name\":\"Detroit Cristo Rey High School\",\"url\":\"https:\\\/\\\/detroitcristorey.org\\\/\",\"logo\":{\"@type\":\"ImageObject\",\"inLanguage\":\"es\",\"@id\":\"https:\\\/\\\/detroitcristorey.org\\\/#\\\/schema\\\/logo\\\/image\\\/\",\"url\":\"https:\\\/\\\/detroitcristorey.org\\\/wp-content\\\/uploads\\\/2023\\\/12\\\/CristoReyLogo_REV_yellow_062721_TSTW_y_nobackground.png\",\"contentUrl\":\"https:\\\/\\\/detroitcristorey.org\\\/wp-content\\\/uploads\\\/2023\\\/12\\\/CristoReyLogo_REV_yellow_062721_TSTW_y_nobackground.png\",\"width\":1200,\"height\":900,\"caption\":\"Detroit Cristo Rey High School\"},\"image\":{\"@id\":\"https:\\\/\\\/detroitcristorey.org\\\/#\\\/schema\\\/logo\\\/image\\\/\"},\"sameAs\":[\"https:\\\/\\\/www.facebook.com\\\/detcristorey\",\"https:\\\/\\\/www.linkedin.com\\\/school\\\/detroit-cristo-rey-high-school\\\/\",\"https:\\\/\\\/www.instagram.com\\\/detroitcristoreyhighschool\\\/\"]}]}<\/script>\n<!-- \/ Yoast SEO plugin. -->","yoast_head_json":{"title":"Ayuda financiera | Detroit Cristo Rey High School","robots":{"index":"index","follow":"follow","max-snippet":"max-snippet:-1","max-image-preview":"max-image-preview:large","max-video-preview":"max-video-preview:-1"},"canonical":"https:\/\/detroitcristorey.org\/?page_id=20","og_locale":"es_ES","og_type":"article","og_title":"Ayuda financiera | Detroit Cristo Rey High School","og_url":"https:\/\/detroitcristorey.org\/?page_id=20","og_site_name":"Detroit Cristo Rey High School","article_publisher":"https:\/\/www.facebook.com\/detcristorey","article_modified_time":"2023-11-13T19:34:58+00:00","og_image":[{"width":1200,"height":900,"url":"https:\/\/detroitcristorey.org\/wp-content\/uploads\/2023\/12\/CristoReyLogo_REV_yellow_062721_TSTW_y_nobackground.webp","type":"image\/webp"}],"twitter_card":"summary_large_image","twitter_misc":{"Tiempo de lectura":"8 minutos"},"schema":{"@context":"https:\/\/schema.org","@graph":[{"@type":"WebPage","@id":"https:\/\/detroitcristorey.org\/?page_id=20","url":"https:\/\/detroitcristorey.org\/?page_id=20","name":"Ayuda financiera | Detroit Cristo Rey High School","isPartOf":{"@id":"https:\/\/detroitcristorey.org\/#website"},"datePublished":"2023-08-17T17:36:38+00:00","dateModified":"2023-11-13T19:34:58+00:00","breadcrumb":{"@id":"https:\/\/detroitcristorey.org\/?page_id=20#breadcrumb"},"inLanguage":"es","potentialAction":[{"@type":"ReadAction","target":["https:\/\/detroitcristorey.org\/?page_id=20"]}]},{"@type":"BreadcrumbList","@id":"https:\/\/detroitcristorey.org\/?page_id=20#breadcrumb","itemListElement":[{"@type":"ListItem","position":1,"name":"Home","item":"https:\/\/detroitcristorey.org\/es\/inicio\/"},{"@type":"ListItem","position":2,"name":"Admisiones","item":"https:\/\/detroitcristorey.org\/es\/admisiones\/"},{"@type":"ListItem","position":3,"name":"Ayuda financiera"}]},{"@type":"WebSite","@id":"https:\/\/detroitcristorey.org\/#website","url":"https:\/\/detroitcristorey.org\/","name":"Detroit Cristo Rey High School","description":"The School that Works!","publisher":{"@id":"https:\/\/detroitcristorey.org\/#organization"},"potentialAction":[{"@type":"SearchAction","target":{"@type":"EntryPoint","urlTemplate":"https:\/\/detroitcristorey.org\/?s={search_term_string}"},"query-input":{"@type":"PropertyValueSpecification","valueRequired":true,"valueName":"search_term_string"}}],"inLanguage":"es"},{"@type":"Organization","@id":"https:\/\/detroitcristorey.org\/#organization","name":"Detroit Cristo Rey High School","url":"https:\/\/detroitcristorey.org\/","logo":{"@type":"ImageObject","inLanguage":"es","@id":"https:\/\/detroitcristorey.org\/#\/schema\/logo\/image\/","url":"https:\/\/detroitcristorey.org\/wp-content\/uploads\/2023\/12\/CristoReyLogo_REV_yellow_062721_TSTW_y_nobackground.png","contentUrl":"https:\/\/detroitcristorey.org\/wp-content\/uploads\/2023\/12\/CristoReyLogo_REV_yellow_062721_TSTW_y_nobackground.png","width":1200,"height":900,"caption":"Detroit Cristo Rey High School"},"image":{"@id":"https:\/\/detroitcristorey.org\/#\/schema\/logo\/image\/"},"sameAs":["https:\/\/www.facebook.com\/detcristorey","https:\/\/www.linkedin.com\/school\/detroit-cristo-rey-high-school\/","https:\/\/www.instagram.com\/detroitcristoreyhighschool\/"]}]}},"_links":{"self":[{"href":"https:\/\/detroitcristorey.org\/es\/wp-json\/wp\/v2\/pages\/367","targetHints":{"allow":["GET"]}}],"collection":[{"href":"https:\/\/detroitcristorey.org\/es\/wp-json\/wp\/v2\/pages"}],"about":[{"href":"https:\/\/detroitcristorey.org\/es\/wp-json\/wp\/v2\/types\/page"}],"author":[{"embeddable":true,"href":"https:\/\/detroitcristorey.org\/es\/wp-json\/wp\/v2\/users\/1"}],"replies":[{"embeddable":true,"href":"https:\/\/detroitcristorey.org\/es\/wp-json\/wp\/v2\/comments?post=367"}],"version-history":[{"count":0,"href":"https:\/\/detroitcristorey.org\/es\/wp-json\/wp\/v2\/pages\/367\/revisions"}],"up":[{"embeddable":true,"href":"https:\/\/detroitcristorey.org\/es\/wp-json\/wp\/v2\/pages\/414"}],"wp:attachment":[{"href":"https:\/\/detroitcristorey.org\/es\/wp-json\/wp\/v2\/media?parent=367"}],"curies":[{"name":"wp","href":"https:\/\/api.w.org\/{rel}","templated":true}]}}